{"id":3946,"date":"2026-03-10T16:48:00","date_gmt":"2026-03-10T19:48:00","guid":{"rendered":"https:\/\/jpkrajewski.com\/product\/cristalino-luz-na-amazonia\/"},"modified":"2026-03-10T16:48:00","modified_gmt":"2026-03-10T19:48:00","slug":"cristalino-luz-na-amazonia","status":"publish","type":"product","link":"https:\/\/jpkrajewski.com\/en\/product\/cristalino-luz-na-amazonia\/","title":{"rendered":"Cristalino, luz na Amaz\u00f4nia"},"content":{"rendered":"<p>&nbsp;<\/p>\n<p>Lan\u00e7amento dos fot\u00f3grafos, bi\u00f3logos e documentaristas Jo\u00e3o Paulo Krajewski e Roberta Bonaldo, sobre uma das mais belas reservas da Amaz\u00f4nia. Os autores passando 10 anos fotografado a reserva, desde o topo das \u00e1rvores ao fundo das \u00e1guas que banham a reserva, no norte do Mato Grosso.<\/p>\n<p>Mais de 300 p\u00e1ginas, textos em portugu\u00eas e ingl\u00eas, e muita informa\u00e7\u00e3o sobre fauna, flora e fotografia.<\/p>\n<p>A publica\u00e7\u00e3o \u00e9 uma parceria com a Funda\u00e7\u00e3o Ecol\u00f3gica Cristalino, Cristalino Lodge e Canon Brasil. Parte das vendas ser\u00e1 direcionada \u00e0 Funda\u00e7\u00e3o Ecol\u00f3gica Cristalino, que faz um belo trabalho de pesquisa, educa\u00e7\u00e3o ambiental e conserva\u00e7\u00e3o na Amaz\u00f4nia.<\/p>\n","protected":false},"excerpt":{"rendered":"<p>Caracter\u00edsticas do livro:<\/p>\n<ul>\n<li>ANO DE PUBLICA\u00c7\u00c3O: 2025 \u2060<\/li>\n<li>FORMATO: 34cm x 26cm;<\/li>\n<li> \u2060MIOLO: 304 p\u00e1ginas.<\/li>\n<li> \u2060ACABAMENTO: Capa Dura;<\/li>\n<li> \u2060IDIOMA: Portugu\u00eas\/Ingl\u00eas<\/li>\n<\/ul>\n<p>&nbsp;<\/p>\n<p>Se desejar que seu exemplar venha com uma dedicat\u00f3ria do autor, <a href=\"mailto:robertabonaldo@gmail.com\">mande-nos mensagem ap\u00f3s a compra<\/a>.<\/p>\n","protected":false},"featured_media":3944,"template":"","meta":{"_acf_changed":false,"inline_featured_image":false},"product_brand":[],"product_cat":[161],"product_tag":[],"class_list":{"0":"post-3946","1":"product","2":"type-product","3":"status-publish","4":"has-post-thumbnail","6":"product_cat-books-and-others","7":"product_shipping_class-envio-de-livros","9":"first","10":"instock","11":"shipping-taxable","12":"purchasable","13":"product-type-simple"},"acf":[],"yoast_head":"<!-- This site is optimized with the Yoast SEO plugin v27.4 - https:\/\/yoast.com\/product\/yoast-seo-wordpress\/ -->\n<title>Cristalino, luz na Amaz\u00f4nia - JO\u00c3O PAULO KRAJEWSKI<\/title>\n<meta name=\"robots\" content=\"index, follow, max-snippet:-1, max-image-preview:large, max-video-preview:-1\" \/>\n<link rel=\"canonical\" href=\"https:\/\/jpkrajewski.com\/en\/product\/cristalino-luz-na-amazonia\/\" \/>\n<meta property=\"og:locale\" content=\"en_US\" \/>\n<meta property=\"og:type\" content=\"article\" \/>\n<meta property=\"og:title\" content=\"Cristalino, luz na Amaz\u00f4nia - JO\u00c3O PAULO KRAJEWSKI\" \/>\n<meta property=\"og:description\" content=\"Caracter\u00edsticas do livro:  ANO DE PUBLICA\u00c7\u00c3O: 2025 \u2060  FORMATO: 34cm x 26cm;  \u2060MIOLO: 304 p\u00e1ginas.  \u2060ACABAMENTO: Capa Dura;  \u2060IDIOMA: Portugu\u00eas\/Ingl\u00eas &nbsp; Se desejar que seu exemplar venha com uma dedicat\u00f3ria do autor, mande-nos mensagem ap\u00f3s a compra.\" \/>\n<meta property=\"og:url\" content=\"https:\/\/jpkrajewski.com\/en\/product\/cristalino-luz-na-amazonia\/\" \/>\n<meta property=\"og:site_name\" content=\"JO\u00c3O PAULO KRAJEWSKI\" \/>\n<meta property=\"og:image\" content=\"https:\/\/jpkrajewski.com\/wp-content\/uploads\/2026\/03\/cristalino-livro007.jpg\" \/>\n\t<meta property=\"og:image:width\" content=\"1200\" \/>\n\t<meta property=\"og:image:height\" content=\"863\" \/>\n\t<meta property=\"og:image:type\" content=\"image\/jpeg\" \/>\n<meta name=\"twitter:card\" content=\"summary_large_image\" \/>\n<meta name=\"twitter:label1\" content=\"Est. reading time\" \/>\n\t<meta name=\"twitter:data1\" content=\"1 minute\" \/>\n<script type=\"application\/ld+json\" class=\"yoast-schema-graph\">{\"@context\":\"https:\\\/\\\/schema.org\",\"@graph\":[{\"@type\":\"WebPage\",\"@id\":\"https:\\\/\\\/jpkrajewski.com\\\/en\\\/product\\\/cristalino-luz-na-amazonia\\\/\",\"url\":\"https:\\\/\\\/jpkrajewski.com\\\/en\\\/product\\\/cristalino-luz-na-amazonia\\\/\",\"name\":\"Cristalino, luz na Amaz\u00f4nia - JO\u00c3O PAULO KRAJEWSKI\",\"isPartOf\":{\"@id\":\"https:\\\/\\\/jpkrajewski.com\\\/#website\"},\"primaryImageOfPage\":{\"@id\":\"https:\\\/\\\/jpkrajewski.com\\\/en\\\/product\\\/cristalino-luz-na-amazonia\\\/#primaryimage\"},\"image\":{\"@id\":\"https:\\\/\\\/jpkrajewski.com\\\/en\\\/product\\\/cristalino-luz-na-amazonia\\\/#primaryimage\"},\"thumbnailUrl\":\"https:\\\/\\\/jpkrajewski.com\\\/wp-content\\\/uploads\\\/2026\\\/03\\\/cristalino-livro007.jpg\",\"datePublished\":\"2026-03-10T19:48:00+00:00\",\"breadcrumb\":{\"@id\":\"https:\\\/\\\/jpkrajewski.com\\\/en\\\/product\\\/cristalino-luz-na-amazonia\\\/#breadcrumb\"},\"inLanguage\":\"en-US\",\"potentialAction\":[{\"@type\":\"ReadAction\",\"target\":[\"https:\\\/\\\/jpkrajewski.com\\\/en\\\/product\\\/cristalino-luz-na-amazonia\\\/\"]}]},{\"@type\":\"ImageObject\",\"inLanguage\":\"en-US\",\"@id\":\"https:\\\/\\\/jpkrajewski.com\\\/en\\\/product\\\/cristalino-luz-na-amazonia\\\/#primaryimage\",\"url\":\"https:\\\/\\\/jpkrajewski.com\\\/wp-content\\\/uploads\\\/2026\\\/03\\\/cristalino-livro007.jpg\",\"contentUrl\":\"https:\\\/\\\/jpkrajewski.com\\\/wp-content\\\/uploads\\\/2026\\\/03\\\/cristalino-livro007.jpg\",\"width\":1200,\"height\":863},{\"@type\":\"BreadcrumbList\",\"@id\":\"https:\\\/\\\/jpkrajewski.com\\\/en\\\/product\\\/cristalino-luz-na-amazonia\\\/#breadcrumb\",\"itemListElement\":[{\"@type\":\"ListItem\",\"position\":1,\"name\":\"In\u00edcio\",\"item\":\"https:\\\/\\\/jpkrajewski.com\\\/en\\\/\"},{\"@type\":\"ListItem\",\"position\":2,\"name\":\"Produtos\",\"item\":\"https:\\\/\\\/jpkrajewski.com\\\/shop\\\/\"},{\"@type\":\"ListItem\",\"position\":3,\"name\":\"Cristalino, luz na Amaz\u00f4nia\"}]},{\"@type\":\"WebSite\",\"@id\":\"https:\\\/\\\/jpkrajewski.com\\\/#website\",\"url\":\"https:\\\/\\\/jpkrajewski.com\\\/\",\"name\":\"JO\u00c3O PAULO KRAJEWSKI\",\"description\":\"Wildlife Photo &amp; Video\",\"potentialAction\":[{\"@type\":\"SearchAction\",\"target\":{\"@type\":\"EntryPoint\",\"urlTemplate\":\"https:\\\/\\\/jpkrajewski.com\\\/?s={search_term_string}\"},\"query-input\":{\"@type\":\"PropertyValueSpecification\",\"valueRequired\":true,\"valueName\":\"search_term_string\"}}],\"inLanguage\":\"en-US\"}]}<\/script>\n<!-- \/ Yoast SEO plugin. -->","yoast_head_json":{"title":"Cristalino, luz na Amaz\u00f4nia - JO\u00c3O PAULO KRAJEWSKI","robots":{"index":"index","follow":"follow","max-snippet":"max-snippet:-1","max-image-preview":"max-image-preview:large","max-video-preview":"max-video-preview:-1"},"canonical":"https:\/\/jpkrajewski.com\/en\/product\/cristalino-luz-na-amazonia\/","og_locale":"en_US","og_type":"article","og_title":"Cristalino, luz na Amaz\u00f4nia - JO\u00c3O PAULO KRAJEWSKI","og_description":"Caracter\u00edsticas do livro:  ANO DE PUBLICA\u00c7\u00c3O: 2025 \u2060  FORMATO: 34cm x 26cm;  \u2060MIOLO: 304 p\u00e1ginas.  \u2060ACABAMENTO: Capa Dura;  \u2060IDIOMA: Portugu\u00eas\/Ingl\u00eas &nbsp; Se desejar que seu exemplar venha com uma dedicat\u00f3ria do autor, mande-nos mensagem ap\u00f3s a compra.","og_url":"https:\/\/jpkrajewski.com\/en\/product\/cristalino-luz-na-amazonia\/","og_site_name":"JO\u00c3O PAULO KRAJEWSKI","og_image":[{"width":1200,"height":863,"url":"https:\/\/jpkrajewski.com\/wp-content\/uploads\/2026\/03\/cristalino-livro007.jpg","type":"image\/jpeg"}],"twitter_card":"summary_large_image","twitter_misc":{"Est. reading time":"1 minute"},"schema":{"@context":"https:\/\/schema.org","@graph":[{"@type":"WebPage","@id":"https:\/\/jpkrajewski.com\/en\/product\/cristalino-luz-na-amazonia\/","url":"https:\/\/jpkrajewski.com\/en\/product\/cristalino-luz-na-amazonia\/","name":"Cristalino, luz na Amaz\u00f4nia - JO\u00c3O PAULO KRAJEWSKI","isPartOf":{"@id":"https:\/\/jpkrajewski.com\/#website"},"primaryImageOfPage":{"@id":"https:\/\/jpkrajewski.com\/en\/product\/cristalino-luz-na-amazonia\/#primaryimage"},"image":{"@id":"https:\/\/jpkrajewski.com\/en\/product\/cristalino-luz-na-amazonia\/#primaryimage"},"thumbnailUrl":"https:\/\/jpkrajewski.com\/wp-content\/uploads\/2026\/03\/cristalino-livro007.jpg","datePublished":"2026-03-10T19:48:00+00:00","breadcrumb":{"@id":"https:\/\/jpkrajewski.com\/en\/product\/cristalino-luz-na-amazonia\/#breadcrumb"},"inLanguage":"en-US","potentialAction":[{"@type":"ReadAction","target":["https:\/\/jpkrajewski.com\/en\/product\/cristalino-luz-na-amazonia\/"]}]},{"@type":"ImageObject","inLanguage":"en-US","@id":"https:\/\/jpkrajewski.com\/en\/product\/cristalino-luz-na-amazonia\/#primaryimage","url":"https:\/\/jpkrajewski.com\/wp-content\/uploads\/2026\/03\/cristalino-livro007.jpg","contentUrl":"https:\/\/jpkrajewski.com\/wp-content\/uploads\/2026\/03\/cristalino-livro007.jpg","width":1200,"height":863},{"@type":"BreadcrumbList","@id":"https:\/\/jpkrajewski.com\/en\/product\/cristalino-luz-na-amazonia\/#breadcrumb","itemListElement":[{"@type":"ListItem","position":1,"name":"In\u00edcio","item":"https:\/\/jpkrajewski.com\/en\/"},{"@type":"ListItem","position":2,"name":"Produtos","item":"https:\/\/jpkrajewski.com\/shop\/"},{"@type":"ListItem","position":3,"name":"Cristalino, luz na Amaz\u00f4nia"}]},{"@type":"WebSite","@id":"https:\/\/jpkrajewski.com\/#website","url":"https:\/\/jpkrajewski.com\/","name":"JO\u00c3O PAULO KRAJEWSKI","description":"Wildlife Photo &amp; Video","potentialAction":[{"@type":"SearchAction","target":{"@type":"EntryPoint","urlTemplate":"https:\/\/jpkrajewski.com\/?s={search_term_string}"},"query-input":{"@type":"PropertyValueSpecification","valueRequired":true,"valueName":"search_term_string"}}],"inLanguage":"en-US"}]}},"_links":{"self":[{"href":"https:\/\/jpkrajewski.com\/en\/wp-json\/wp\/v2\/product\/3946","targetHints":{"allow":["GET"]}}],"collection":[{"href":"https:\/\/jpkrajewski.com\/en\/wp-json\/wp\/v2\/product"}],"about":[{"href":"https:\/\/jpkrajewski.com\/en\/wp-json\/wp\/v2\/types\/product"}],"wp:featuredmedia":[{"embeddable":true,"href":"https:\/\/jpkrajewski.com\/en\/wp-json\/wp\/v2\/media\/3944"}],"wp:attachment":[{"href":"https:\/\/jpkrajewski.com\/en\/wp-json\/wp\/v2\/media?parent=3946"}],"wp:term":[{"taxonomy":"product_brand","embeddable":true,"href":"https:\/\/jpkrajewski.com\/en\/wp-json\/wp\/v2\/product_brand?post=3946"},{"taxonomy":"product_cat","embeddable":true,"href":"https:\/\/jpkrajewski.com\/en\/wp-json\/wp\/v2\/product_cat?post=3946"},{"taxonomy":"product_tag","embeddable":true,"href":"https:\/\/jpkrajewski.com\/en\/wp-json\/wp\/v2\/product_tag?post=3946"}],"curies":[{"name":"wp","href":"https:\/\/api.w.org\/{rel}","templated":true}]}}