{"id":3645,"date":"2024-03-12T13:32:26","date_gmt":"2024-03-12T16:32:26","guid":{"rendered":"https:\/\/jpkrajewski.com\/?post_type=product&#038;p=3645"},"modified":"2024-03-25T20:53:38","modified_gmt":"2024-03-25T23:53:38","slug":"revoada-para-o-descanso","status":"publish","type":"product","link":"https:\/\/jpkrajewski.com\/en\/product\/revoada-para-o-descanso\/","title":{"rendered":"Flying to Rest"},"content":{"rendered":"<h4>Especifica\u00e7\u00f5es<\/h4>\n<p>Moldura feita com madeira de demoli\u00e7\u00e3o, eco-friendly, especialmente desenhada pelo artista e em harmonia com as caracter\u00edsticas da obra.<\/p>\n<p>As fotografias s\u00e3o montadas sobre chapas de alum\u00ednio composto (ACM), utilizando as melhores t\u00e9cnicas e materiais para garantir a melhor qualidade e durabilidade da obra.<\/p>\n<p>Obra seriada e assinada manualmente pelo fot\u00f3grafo.<\/p>\n<p>Todas as impress\u00f5es s\u00e3o feitas sobre papel Canson\u00ae 100% algod\u00e3o com o mais alto padr\u00e3o de qualidade e checagem individual.<\/p>\n<p>** Uma porcentagem de todas as compras ser\u00e1 revertida para apoiar projetos de conserva\u00e7\u00e3o da natureza relacionados ao tema da obra.<\/p>\n<p>&nbsp;<\/p>\n<h4>Tiragem<\/h4>\n<p>5 + 1 prova de autor (para cada tamanho)<\/p>\n<p>&nbsp;<\/p>\n<h4>Tamanho Personalizado<\/h4>\n<p>Para solicitar a possibilidade de confeccionar tamanhos personalizados, entre em contato pelo site.<\/p>\n<p>&nbsp;<\/p>\n<h4>Tempo de envio<\/h4>\n<p>40 dias<\/p>\n","protected":false},"excerpt":{"rendered":"<p>Na Ba\u00eda de Drake, na Costa Rica, \u00e9 poss\u00edvel observar bandos de aves sobre o mar todas as tardes, voando para seus locais de descanso. Nessa foto, a baixa velocidade e o movimento da c\u00e2mera me permitiram capturar o movimento das aves, nos fazendo viajar com elas sobre o mar e sob a baixa luz do dia, prestes a terminar.<\/p>\n","protected":false},"featured_media":2062,"template":"","meta":{"_acf_changed":false,"inline_featured_image":false},"product_brand":[],"product_cat":[160],"product_tag":[],"class_list":{"0":"post-3645","1":"product","2":"type-product","3":"status-publish","4":"has-post-thumbnail","6":"product_cat-unique-edition-en","7":"product_shipping_class-entrega-combinar-en","9":"first","10":"instock","11":"shipping-taxable","12":"purchasable","13":"product-type-variable"},"acf":[],"yoast_head":"<!-- This site is optimized with the Yoast SEO plugin v27.2 - https:\/\/yoast.com\/product\/yoast-seo-wordpress\/ -->\n<title>Flying to Rest - JO\u00c3O PAULO KRAJEWSKI<\/title>\n<meta name=\"robots\" content=\"index, follow, max-snippet:-1, max-image-preview:large, max-video-preview:-1\" \/>\n<link rel=\"canonical\" href=\"https:\/\/jpkrajewski.com\/en\/product\/revoada-para-o-descanso\/\" \/>\n<meta property=\"og:locale\" content=\"en_US\" \/>\n<meta property=\"og:type\" content=\"article\" \/>\n<meta property=\"og:title\" content=\"Flying to Rest - JO\u00c3O PAULO KRAJEWSKI\" \/>\n<meta property=\"og:description\" content=\"Na Ba\u00eda de Drake, na Costa Rica, \u00e9 poss\u00edvel observar bandos de aves sobre o mar todas as tardes, voando para seus locais de descanso. Nessa foto, a baixa velocidade e o movimento da c\u00e2mera me permitiram capturar o movimento das aves, nos fazendo viajar com elas sobre o mar e sob a baixa luz do dia, prestes a terminar.\" \/>\n<meta property=\"og:url\" content=\"https:\/\/jpkrajewski.com\/en\/product\/revoada-para-o-descanso\/\" \/>\n<meta property=\"og:site_name\" content=\"JO\u00c3O PAULO KRAJEWSKI\" \/>\n<meta property=\"article:modified_time\" content=\"2024-03-25T23:53:38+00:00\" \/>\n<meta property=\"og:image\" content=\"https:\/\/jpkrajewski.com\/wp-content\/uploads\/2021\/10\/revoada-para-o-descanso.jpg\" \/>\n\t<meta property=\"og:image:width\" content=\"800\" \/>\n\t<meta property=\"og:image:height\" content=\"800\" \/>\n\t<meta property=\"og:image:type\" content=\"image\/jpeg\" \/>\n<meta name=\"twitter:card\" content=\"summary_large_image\" \/>\n<meta name=\"twitter:label1\" content=\"Est. reading time\" \/>\n\t<meta name=\"twitter:data1\" content=\"1 minute\" \/>\n<script type=\"application\/ld+json\" class=\"yoast-schema-graph\">{\"@context\":\"https:\/\/schema.org\",\"@graph\":[{\"@type\":\"WebPage\",\"@id\":\"https:\/\/jpkrajewski.com\/en\/product\/revoada-para-o-descanso\/\",\"url\":\"https:\/\/jpkrajewski.com\/en\/product\/revoada-para-o-descanso\/\",\"name\":\"Flying to Rest - JO\u00c3O PAULO KRAJEWSKI\",\"isPartOf\":{\"@id\":\"https:\/\/jpkrajewski.com\/#website\"},\"primaryImageOfPage\":{\"@id\":\"https:\/\/jpkrajewski.com\/en\/product\/revoada-para-o-descanso\/#primaryimage\"},\"image\":{\"@id\":\"https:\/\/jpkrajewski.com\/en\/product\/revoada-para-o-descanso\/#primaryimage\"},\"thumbnailUrl\":\"https:\/\/jpkrajewski.com\/wp-content\/uploads\/2021\/10\/revoada-para-o-descanso.jpg\",\"datePublished\":\"2024-03-12T16:32:26+00:00\",\"dateModified\":\"2024-03-25T23:53:38+00:00\",\"breadcrumb\":{\"@id\":\"https:\/\/jpkrajewski.com\/en\/product\/revoada-para-o-descanso\/#breadcrumb\"},\"inLanguage\":\"en-US\",\"potentialAction\":[{\"@type\":\"ReadAction\",\"target\":[\"https:\/\/jpkrajewski.com\/en\/product\/revoada-para-o-descanso\/\"]}]},{\"@type\":\"ImageObject\",\"inLanguage\":\"en-US\",\"@id\":\"https:\/\/jpkrajewski.com\/en\/product\/revoada-para-o-descanso\/#primaryimage\",\"url\":\"https:\/\/jpkrajewski.com\/wp-content\/uploads\/2021\/10\/revoada-para-o-descanso.jpg\",\"contentUrl\":\"https:\/\/jpkrajewski.com\/wp-content\/uploads\/2021\/10\/revoada-para-o-descanso.jpg\",\"width\":800,\"height\":800},{\"@type\":\"BreadcrumbList\",\"@id\":\"https:\/\/jpkrajewski.com\/en\/product\/revoada-para-o-descanso\/#breadcrumb\",\"itemListElement\":[{\"@type\":\"ListItem\",\"position\":1,\"name\":\"In\u00edcio\",\"item\":\"https:\/\/jpkrajewski.com\/en\/\"},{\"@type\":\"ListItem\",\"position\":2,\"name\":\"Produtos\",\"item\":\"https:\/\/jpkrajewski.com\/shop\/\"},{\"@type\":\"ListItem\",\"position\":3,\"name\":\"Flying to Rest\"}]},{\"@type\":\"WebSite\",\"@id\":\"https:\/\/jpkrajewski.com\/#website\",\"url\":\"https:\/\/jpkrajewski.com\/\",\"name\":\"JO\u00c3O PAULO KRAJEWSKI\",\"description\":\"Wildlife Photo &amp; Video\",\"potentialAction\":[{\"@type\":\"SearchAction\",\"target\":{\"@type\":\"EntryPoint\",\"urlTemplate\":\"https:\/\/jpkrajewski.com\/?s={search_term_string}\"},\"query-input\":{\"@type\":\"PropertyValueSpecification\",\"valueRequired\":true,\"valueName\":\"search_term_string\"}}],\"inLanguage\":\"en-US\"}]}<\/script>\n<!-- \/ Yoast SEO plugin. -->","yoast_head_json":{"title":"Flying to Rest - JO\u00c3O PAULO KRAJEWSKI","robots":{"index":"index","follow":"follow","max-snippet":"max-snippet:-1","max-image-preview":"max-image-preview:large","max-video-preview":"max-video-preview:-1"},"canonical":"https:\/\/jpkrajewski.com\/en\/product\/revoada-para-o-descanso\/","og_locale":"en_US","og_type":"article","og_title":"Flying to Rest - JO\u00c3O PAULO KRAJEWSKI","og_description":"Na Ba\u00eda de Drake, na Costa Rica, \u00e9 poss\u00edvel observar bandos de aves sobre o mar todas as tardes, voando para seus locais de descanso. Nessa foto, a baixa velocidade e o movimento da c\u00e2mera me permitiram capturar o movimento das aves, nos fazendo viajar com elas sobre o mar e sob a baixa luz do dia, prestes a terminar.","og_url":"https:\/\/jpkrajewski.com\/en\/product\/revoada-para-o-descanso\/","og_site_name":"JO\u00c3O PAULO KRAJEWSKI","article_modified_time":"2024-03-25T23:53:38+00:00","og_image":[{"width":800,"height":800,"url":"https:\/\/jpkrajewski.com\/wp-content\/uploads\/2021\/10\/revoada-para-o-descanso.jpg","type":"image\/jpeg"}],"twitter_card":"summary_large_image","twitter_misc":{"Est. reading time":"1 minute"},"schema":{"@context":"https:\/\/schema.org","@graph":[{"@type":"WebPage","@id":"https:\/\/jpkrajewski.com\/en\/product\/revoada-para-o-descanso\/","url":"https:\/\/jpkrajewski.com\/en\/product\/revoada-para-o-descanso\/","name":"Flying to Rest - JO\u00c3O PAULO KRAJEWSKI","isPartOf":{"@id":"https:\/\/jpkrajewski.com\/#website"},"primaryImageOfPage":{"@id":"https:\/\/jpkrajewski.com\/en\/product\/revoada-para-o-descanso\/#primaryimage"},"image":{"@id":"https:\/\/jpkrajewski.com\/en\/product\/revoada-para-o-descanso\/#primaryimage"},"thumbnailUrl":"https:\/\/jpkrajewski.com\/wp-content\/uploads\/2021\/10\/revoada-para-o-descanso.jpg","datePublished":"2024-03-12T16:32:26+00:00","dateModified":"2024-03-25T23:53:38+00:00","breadcrumb":{"@id":"https:\/\/jpkrajewski.com\/en\/product\/revoada-para-o-descanso\/#breadcrumb"},"inLanguage":"en-US","potentialAction":[{"@type":"ReadAction","target":["https:\/\/jpkrajewski.com\/en\/product\/revoada-para-o-descanso\/"]}]},{"@type":"ImageObject","inLanguage":"en-US","@id":"https:\/\/jpkrajewski.com\/en\/product\/revoada-para-o-descanso\/#primaryimage","url":"https:\/\/jpkrajewski.com\/wp-content\/uploads\/2021\/10\/revoada-para-o-descanso.jpg","contentUrl":"https:\/\/jpkrajewski.com\/wp-content\/uploads\/2021\/10\/revoada-para-o-descanso.jpg","width":800,"height":800},{"@type":"BreadcrumbList","@id":"https:\/\/jpkrajewski.com\/en\/product\/revoada-para-o-descanso\/#breadcrumb","itemListElement":[{"@type":"ListItem","position":1,"name":"In\u00edcio","item":"https:\/\/jpkrajewski.com\/en\/"},{"@type":"ListItem","position":2,"name":"Produtos","item":"https:\/\/jpkrajewski.com\/shop\/"},{"@type":"ListItem","position":3,"name":"Flying to Rest"}]},{"@type":"WebSite","@id":"https:\/\/jpkrajewski.com\/#website","url":"https:\/\/jpkrajewski.com\/","name":"JO\u00c3O PAULO KRAJEWSKI","description":"Wildlife Photo &amp; Video","potentialAction":[{"@type":"SearchAction","target":{"@type":"EntryPoint","urlTemplate":"https:\/\/jpkrajewski.com\/?s={search_term_string}"},"query-input":{"@type":"PropertyValueSpecification","valueRequired":true,"valueName":"search_term_string"}}],"inLanguage":"en-US"}]}},"_links":{"self":[{"href":"https:\/\/jpkrajewski.com\/en\/wp-json\/wp\/v2\/product\/3645","targetHints":{"allow":["GET"]}}],"collection":[{"href":"https:\/\/jpkrajewski.com\/en\/wp-json\/wp\/v2\/product"}],"about":[{"href":"https:\/\/jpkrajewski.com\/en\/wp-json\/wp\/v2\/types\/product"}],"wp:featuredmedia":[{"embeddable":true,"href":"https:\/\/jpkrajewski.com\/en\/wp-json\/wp\/v2\/media\/2062"}],"wp:attachment":[{"href":"https:\/\/jpkrajewski.com\/en\/wp-json\/wp\/v2\/media?parent=3645"}],"wp:term":[{"taxonomy":"product_brand","embeddable":true,"href":"https:\/\/jpkrajewski.com\/en\/wp-json\/wp\/v2\/product_brand?post=3645"},{"taxonomy":"product_cat","embeddable":true,"href":"https:\/\/jpkrajewski.com\/en\/wp-json\/wp\/v2\/product_cat?post=3645"},{"taxonomy":"product_tag","embeddable":true,"href":"https:\/\/jpkrajewski.com\/en\/wp-json\/wp\/v2\/product_tag?post=3645"}],"curies":[{"name":"wp","href":"https:\/\/api.w.org\/{rel}","templated":true}]}}