{"id":3632,"date":"2024-03-12T13:32:15","date_gmt":"2024-03-12T16:32:15","guid":{"rendered":"https:\/\/jpkrajewski.com\/?post_type=product&#038;p=3632"},"modified":"2024-04-01T12:14:50","modified_gmt":"2024-04-01T15:14:50","slug":"noite-na-mata","status":"publish","type":"product","link":"https:\/\/jpkrajewski.com\/en\/product\/noite-na-mata\/","title":{"rendered":"Night in the forest"},"content":{"rendered":"<p>Night in the Australia rainforest. Here, many of the country&#8217;s unique animals are only active at night, creating an amazing atmosphere of sounds and movements. In this photo, the long exposure of several minutes with the camera left in the middle of the forest reveals this unique and beautiful atmosphere, of one of the oldest and most peculiar forests in the world.<\/p>\n","protected":false},"excerpt":{"rendered":"<p>Noite na floresta tropical Australia. Aqui boa parte dos animais \u00fanicos do pa\u00eds s\u00f3 s\u00e3o ativos \u00e0 noite, criando uma atmosfera \u00fanica de sons e movimentos. Nesta foto a longa exposi\u00e7\u00e3o de diversos minutos com a c\u00e2mera deixada no meio da mata revela esta atmosfera \u00fanica e bela, de uma das florestas mais antigas e peculiares do mundo.<\/p>\n","protected":false},"featured_media":3428,"template":"","meta":{"_acf_changed":false,"inline_featured_image":false},"product_brand":[],"product_cat":[63,57],"product_tag":[],"class_list":{"0":"post-3632","1":"product","2":"type-product","3":"status-publish","4":"has-post-thumbnail","6":"product_cat-cristalino-en","7":"product_cat-limited-edition-en","8":"product_shipping_class-entrega-combinar-en","10":"first","11":"instock","12":"shipping-taxable","13":"purchasable","14":"product-type-variable"},"acf":[],"yoast_head":"<!-- This site is optimized with the Yoast SEO plugin v27.2 - https:\/\/yoast.com\/product\/yoast-seo-wordpress\/ -->\n<title>Night in the forest - JO\u00c3O PAULO KRAJEWSKI<\/title>\n<meta name=\"robots\" content=\"index, follow, max-snippet:-1, max-image-preview:large, max-video-preview:-1\" \/>\n<link rel=\"canonical\" href=\"https:\/\/jpkrajewski.com\/en\/product\/noite-na-mata\/\" \/>\n<meta property=\"og:locale\" content=\"en_US\" \/>\n<meta property=\"og:type\" content=\"article\" \/>\n<meta property=\"og:title\" content=\"Night in the forest - JO\u00c3O PAULO KRAJEWSKI\" \/>\n<meta property=\"og:description\" content=\"Noite na floresta tropical Australia. Aqui boa parte dos animais \u00fanicos do pa\u00eds s\u00f3 s\u00e3o ativos \u00e0 noite, criando uma atmosfera \u00fanica de sons e movimentos. Nesta foto a longa exposi\u00e7\u00e3o de diversos minutos com a c\u00e2mera deixada no meio da mata revela esta atmosfera \u00fanica e bela, de uma das florestas mais antigas e peculiares do mundo.\" \/>\n<meta property=\"og:url\" content=\"https:\/\/jpkrajewski.com\/en\/product\/noite-na-mata\/\" \/>\n<meta property=\"og:site_name\" content=\"JO\u00c3O PAULO KRAJEWSKI\" \/>\n<meta property=\"article:modified_time\" content=\"2024-04-01T15:14:50+00:00\" \/>\n<meta property=\"og:image\" content=\"https:\/\/jpkrajewski.com\/wp-content\/uploads\/2024\/03\/noite-na-mata.png\" \/>\n\t<meta property=\"og:image:width\" content=\"800\" \/>\n\t<meta property=\"og:image:height\" content=\"800\" \/>\n\t<meta property=\"og:image:type\" content=\"image\/png\" \/>\n<meta name=\"twitter:card\" content=\"summary_large_image\" \/>\n<script type=\"application\/ld+json\" class=\"yoast-schema-graph\">{\"@context\":\"https:\/\/schema.org\",\"@graph\":[{\"@type\":\"WebPage\",\"@id\":\"https:\/\/jpkrajewski.com\/en\/product\/noite-na-mata\/\",\"url\":\"https:\/\/jpkrajewski.com\/en\/product\/noite-na-mata\/\",\"name\":\"Night in the forest - JO\u00c3O PAULO KRAJEWSKI\",\"isPartOf\":{\"@id\":\"https:\/\/jpkrajewski.com\/#website\"},\"primaryImageOfPage\":{\"@id\":\"https:\/\/jpkrajewski.com\/en\/product\/noite-na-mata\/#primaryimage\"},\"image\":{\"@id\":\"https:\/\/jpkrajewski.com\/en\/product\/noite-na-mata\/#primaryimage\"},\"thumbnailUrl\":\"https:\/\/jpkrajewski.com\/wp-content\/uploads\/2024\/03\/noite-na-mata.png\",\"datePublished\":\"2024-03-12T16:32:15+00:00\",\"dateModified\":\"2024-04-01T15:14:50+00:00\",\"breadcrumb\":{\"@id\":\"https:\/\/jpkrajewski.com\/en\/product\/noite-na-mata\/#breadcrumb\"},\"inLanguage\":\"en-US\",\"potentialAction\":[{\"@type\":\"ReadAction\",\"target\":[\"https:\/\/jpkrajewski.com\/en\/product\/noite-na-mata\/\"]}]},{\"@type\":\"ImageObject\",\"inLanguage\":\"en-US\",\"@id\":\"https:\/\/jpkrajewski.com\/en\/product\/noite-na-mata\/#primaryimage\",\"url\":\"https:\/\/jpkrajewski.com\/wp-content\/uploads\/2024\/03\/noite-na-mata.png\",\"contentUrl\":\"https:\/\/jpkrajewski.com\/wp-content\/uploads\/2024\/03\/noite-na-mata.png\",\"width\":800,\"height\":800},{\"@type\":\"BreadcrumbList\",\"@id\":\"https:\/\/jpkrajewski.com\/en\/product\/noite-na-mata\/#breadcrumb\",\"itemListElement\":[{\"@type\":\"ListItem\",\"position\":1,\"name\":\"In\u00edcio\",\"item\":\"https:\/\/jpkrajewski.com\/en\/\"},{\"@type\":\"ListItem\",\"position\":2,\"name\":\"Produtos\",\"item\":\"https:\/\/jpkrajewski.com\/shop\/\"},{\"@type\":\"ListItem\",\"position\":3,\"name\":\"Night in the forest\"}]},{\"@type\":\"WebSite\",\"@id\":\"https:\/\/jpkrajewski.com\/#website\",\"url\":\"https:\/\/jpkrajewski.com\/\",\"name\":\"JO\u00c3O PAULO KRAJEWSKI\",\"description\":\"Wildlife Photo &amp; Video\",\"potentialAction\":[{\"@type\":\"SearchAction\",\"target\":{\"@type\":\"EntryPoint\",\"urlTemplate\":\"https:\/\/jpkrajewski.com\/?s={search_term_string}\"},\"query-input\":{\"@type\":\"PropertyValueSpecification\",\"valueRequired\":true,\"valueName\":\"search_term_string\"}}],\"inLanguage\":\"en-US\"}]}<\/script>\n<!-- \/ Yoast SEO plugin. -->","yoast_head_json":{"title":"Night in the forest - JO\u00c3O PAULO KRAJEWSKI","robots":{"index":"index","follow":"follow","max-snippet":"max-snippet:-1","max-image-preview":"max-image-preview:large","max-video-preview":"max-video-preview:-1"},"canonical":"https:\/\/jpkrajewski.com\/en\/product\/noite-na-mata\/","og_locale":"en_US","og_type":"article","og_title":"Night in the forest - JO\u00c3O PAULO KRAJEWSKI","og_description":"Noite na floresta tropical Australia. Aqui boa parte dos animais \u00fanicos do pa\u00eds s\u00f3 s\u00e3o ativos \u00e0 noite, criando uma atmosfera \u00fanica de sons e movimentos. Nesta foto a longa exposi\u00e7\u00e3o de diversos minutos com a c\u00e2mera deixada no meio da mata revela esta atmosfera \u00fanica e bela, de uma das florestas mais antigas e peculiares do mundo.","og_url":"https:\/\/jpkrajewski.com\/en\/product\/noite-na-mata\/","og_site_name":"JO\u00c3O PAULO KRAJEWSKI","article_modified_time":"2024-04-01T15:14:50+00:00","og_image":[{"width":800,"height":800,"url":"https:\/\/jpkrajewski.com\/wp-content\/uploads\/2024\/03\/noite-na-mata.png","type":"image\/png"}],"twitter_card":"summary_large_image","schema":{"@context":"https:\/\/schema.org","@graph":[{"@type":"WebPage","@id":"https:\/\/jpkrajewski.com\/en\/product\/noite-na-mata\/","url":"https:\/\/jpkrajewski.com\/en\/product\/noite-na-mata\/","name":"Night in the forest - JO\u00c3O PAULO KRAJEWSKI","isPartOf":{"@id":"https:\/\/jpkrajewski.com\/#website"},"primaryImageOfPage":{"@id":"https:\/\/jpkrajewski.com\/en\/product\/noite-na-mata\/#primaryimage"},"image":{"@id":"https:\/\/jpkrajewski.com\/en\/product\/noite-na-mata\/#primaryimage"},"thumbnailUrl":"https:\/\/jpkrajewski.com\/wp-content\/uploads\/2024\/03\/noite-na-mata.png","datePublished":"2024-03-12T16:32:15+00:00","dateModified":"2024-04-01T15:14:50+00:00","breadcrumb":{"@id":"https:\/\/jpkrajewski.com\/en\/product\/noite-na-mata\/#breadcrumb"},"inLanguage":"en-US","potentialAction":[{"@type":"ReadAction","target":["https:\/\/jpkrajewski.com\/en\/product\/noite-na-mata\/"]}]},{"@type":"ImageObject","inLanguage":"en-US","@id":"https:\/\/jpkrajewski.com\/en\/product\/noite-na-mata\/#primaryimage","url":"https:\/\/jpkrajewski.com\/wp-content\/uploads\/2024\/03\/noite-na-mata.png","contentUrl":"https:\/\/jpkrajewski.com\/wp-content\/uploads\/2024\/03\/noite-na-mata.png","width":800,"height":800},{"@type":"BreadcrumbList","@id":"https:\/\/jpkrajewski.com\/en\/product\/noite-na-mata\/#breadcrumb","itemListElement":[{"@type":"ListItem","position":1,"name":"In\u00edcio","item":"https:\/\/jpkrajewski.com\/en\/"},{"@type":"ListItem","position":2,"name":"Produtos","item":"https:\/\/jpkrajewski.com\/shop\/"},{"@type":"ListItem","position":3,"name":"Night in the forest"}]},{"@type":"WebSite","@id":"https:\/\/jpkrajewski.com\/#website","url":"https:\/\/jpkrajewski.com\/","name":"JO\u00c3O PAULO KRAJEWSKI","description":"Wildlife Photo &amp; Video","potentialAction":[{"@type":"SearchAction","target":{"@type":"EntryPoint","urlTemplate":"https:\/\/jpkrajewski.com\/?s={search_term_string}"},"query-input":{"@type":"PropertyValueSpecification","valueRequired":true,"valueName":"search_term_string"}}],"inLanguage":"en-US"}]}},"_links":{"self":[{"href":"https:\/\/jpkrajewski.com\/en\/wp-json\/wp\/v2\/product\/3632","targetHints":{"allow":["GET"]}}],"collection":[{"href":"https:\/\/jpkrajewski.com\/en\/wp-json\/wp\/v2\/product"}],"about":[{"href":"https:\/\/jpkrajewski.com\/en\/wp-json\/wp\/v2\/types\/product"}],"wp:featuredmedia":[{"embeddable":true,"href":"https:\/\/jpkrajewski.com\/en\/wp-json\/wp\/v2\/media\/3428"}],"wp:attachment":[{"href":"https:\/\/jpkrajewski.com\/en\/wp-json\/wp\/v2\/media?parent=3632"}],"wp:term":[{"taxonomy":"product_brand","embeddable":true,"href":"https:\/\/jpkrajewski.com\/en\/wp-json\/wp\/v2\/product_brand?post=3632"},{"taxonomy":"product_cat","embeddable":true,"href":"https:\/\/jpkrajewski.com\/en\/wp-json\/wp\/v2\/product_cat?post=3632"},{"taxonomy":"product_tag","embeddable":true,"href":"https:\/\/jpkrajewski.com\/en\/wp-json\/wp\/v2\/product_tag?post=3632"}],"curies":[{"name":"wp","href":"https:\/\/api.w.org\/{rel}","templated":true}]}}