{"id":3616,"date":"2024-03-12T13:32:05","date_gmt":"2024-03-12T16:32:05","guid":{"rendered":"https:\/\/jpkrajewski.com\/?post_type=product&#038;p=3616"},"modified":"2024-03-25T20:57:02","modified_gmt":"2024-03-25T23:57:02","slug":"coqueiro-nas-ondas-de-noronha","status":"publish","type":"product","link":"https:\/\/jpkrajewski.com\/en\/product\/coqueiro-nas-ondas-de-noronha\/","title":{"rendered":"Palm tree by the waves of Noronha"},"content":{"rendered":"","protected":false},"excerpt":{"rendered":"<p>Uma vis\u00e3o diferente daquela que \u00e9 considerada a mais bela praia do mundo, a Praia do Sancho, em Fernando de Noronha. A fal\u00e9sia que cerca a ba\u00eda guarda uma das paisagens mais lindas e serve de ninhal para diversas aves marinhas. Vista do mar a avermelhada parede de pedra se agiganta e com as ondas batendo nos cost\u00f5es mostra a verdadeira ess\u00eancia oce\u00e2nica de Noronha.<\/p>\n","protected":false},"featured_media":3426,"template":"","meta":{"_acf_changed":false,"inline_featured_image":false},"product_brand":[],"product_cat":[57,58],"product_tag":[],"class_list":{"0":"post-3616","1":"product","2":"type-product","3":"status-publish","4":"has-post-thumbnail","6":"product_cat-limited-edition-en","7":"product_cat-ocean-en","8":"product_shipping_class-entrega-combinar-en","10":"first","11":"instock","12":"shipping-taxable","13":"purchasable","14":"product-type-variable"},"acf":[],"yoast_head":"<!-- This site is optimized with the Yoast SEO plugin v27.2 - https:\/\/yoast.com\/product\/yoast-seo-wordpress\/ -->\n<title>Palm tree by the waves of Noronha - JO\u00c3O PAULO KRAJEWSKI<\/title>\n<meta name=\"robots\" content=\"index, follow, max-snippet:-1, max-image-preview:large, max-video-preview:-1\" \/>\n<link rel=\"canonical\" href=\"https:\/\/jpkrajewski.com\/en\/product\/coqueiro-nas-ondas-de-noronha\/\" \/>\n<meta property=\"og:locale\" content=\"en_US\" \/>\n<meta property=\"og:type\" content=\"article\" \/>\n<meta property=\"og:title\" content=\"Palm tree by the waves of Noronha - JO\u00c3O PAULO KRAJEWSKI\" \/>\n<meta property=\"og:description\" content=\"Uma vis\u00e3o diferente daquela que \u00e9 considerada a mais bela praia do mundo, a Praia do Sancho, em Fernando de Noronha. A fal\u00e9sia que cerca a ba\u00eda guarda uma das paisagens mais lindas e serve de ninhal para diversas aves marinhas. Vista do mar a avermelhada parede de pedra se agiganta e com as ondas batendo nos cost\u00f5es mostra a verdadeira ess\u00eancia oce\u00e2nica de Noronha.\" \/>\n<meta property=\"og:url\" content=\"https:\/\/jpkrajewski.com\/en\/product\/coqueiro-nas-ondas-de-noronha\/\" \/>\n<meta property=\"og:site_name\" content=\"JO\u00c3O PAULO KRAJEWSKI\" \/>\n<meta property=\"article:modified_time\" content=\"2024-03-25T23:57:02+00:00\" \/>\n<meta property=\"og:image\" content=\"https:\/\/jpkrajewski.com\/wp-content\/uploads\/2024\/03\/coqueiro-nas-ondas-de-noronha.png\" \/>\n\t<meta property=\"og:image:width\" content=\"800\" \/>\n\t<meta property=\"og:image:height\" content=\"800\" \/>\n\t<meta property=\"og:image:type\" content=\"image\/png\" \/>\n<meta name=\"twitter:card\" content=\"summary_large_image\" \/>\n<script type=\"application\/ld+json\" class=\"yoast-schema-graph\">{\"@context\":\"https:\/\/schema.org\",\"@graph\":[{\"@type\":\"WebPage\",\"@id\":\"https:\/\/jpkrajewski.com\/en\/product\/coqueiro-nas-ondas-de-noronha\/\",\"url\":\"https:\/\/jpkrajewski.com\/en\/product\/coqueiro-nas-ondas-de-noronha\/\",\"name\":\"Palm tree by the waves of Noronha - JO\u00c3O PAULO KRAJEWSKI\",\"isPartOf\":{\"@id\":\"https:\/\/jpkrajewski.com\/#website\"},\"primaryImageOfPage\":{\"@id\":\"https:\/\/jpkrajewski.com\/en\/product\/coqueiro-nas-ondas-de-noronha\/#primaryimage\"},\"image\":{\"@id\":\"https:\/\/jpkrajewski.com\/en\/product\/coqueiro-nas-ondas-de-noronha\/#primaryimage\"},\"thumbnailUrl\":\"https:\/\/jpkrajewski.com\/wp-content\/uploads\/2024\/03\/coqueiro-nas-ondas-de-noronha.png\",\"datePublished\":\"2024-03-12T16:32:05+00:00\",\"dateModified\":\"2024-03-25T23:57:02+00:00\",\"breadcrumb\":{\"@id\":\"https:\/\/jpkrajewski.com\/en\/product\/coqueiro-nas-ondas-de-noronha\/#breadcrumb\"},\"inLanguage\":\"en-US\",\"potentialAction\":[{\"@type\":\"ReadAction\",\"target\":[\"https:\/\/jpkrajewski.com\/en\/product\/coqueiro-nas-ondas-de-noronha\/\"]}]},{\"@type\":\"ImageObject\",\"inLanguage\":\"en-US\",\"@id\":\"https:\/\/jpkrajewski.com\/en\/product\/coqueiro-nas-ondas-de-noronha\/#primaryimage\",\"url\":\"https:\/\/jpkrajewski.com\/wp-content\/uploads\/2024\/03\/coqueiro-nas-ondas-de-noronha.png\",\"contentUrl\":\"https:\/\/jpkrajewski.com\/wp-content\/uploads\/2024\/03\/coqueiro-nas-ondas-de-noronha.png\",\"width\":800,\"height\":800},{\"@type\":\"BreadcrumbList\",\"@id\":\"https:\/\/jpkrajewski.com\/en\/product\/coqueiro-nas-ondas-de-noronha\/#breadcrumb\",\"itemListElement\":[{\"@type\":\"ListItem\",\"position\":1,\"name\":\"In\u00edcio\",\"item\":\"https:\/\/jpkrajewski.com\/en\/\"},{\"@type\":\"ListItem\",\"position\":2,\"name\":\"Produtos\",\"item\":\"https:\/\/jpkrajewski.com\/shop\/\"},{\"@type\":\"ListItem\",\"position\":3,\"name\":\"Palm tree by the waves of Noronha\"}]},{\"@type\":\"WebSite\",\"@id\":\"https:\/\/jpkrajewski.com\/#website\",\"url\":\"https:\/\/jpkrajewski.com\/\",\"name\":\"JO\u00c3O PAULO KRAJEWSKI\",\"description\":\"Wildlife Photo &amp; Video\",\"potentialAction\":[{\"@type\":\"SearchAction\",\"target\":{\"@type\":\"EntryPoint\",\"urlTemplate\":\"https:\/\/jpkrajewski.com\/?s={search_term_string}\"},\"query-input\":{\"@type\":\"PropertyValueSpecification\",\"valueRequired\":true,\"valueName\":\"search_term_string\"}}],\"inLanguage\":\"en-US\"}]}<\/script>\n<!-- \/ Yoast SEO plugin. -->","yoast_head_json":{"title":"Palm tree by the waves of Noronha - JO\u00c3O PAULO KRAJEWSKI","robots":{"index":"index","follow":"follow","max-snippet":"max-snippet:-1","max-image-preview":"max-image-preview:large","max-video-preview":"max-video-preview:-1"},"canonical":"https:\/\/jpkrajewski.com\/en\/product\/coqueiro-nas-ondas-de-noronha\/","og_locale":"en_US","og_type":"article","og_title":"Palm tree by the waves of Noronha - JO\u00c3O PAULO KRAJEWSKI","og_description":"Uma vis\u00e3o diferente daquela que \u00e9 considerada a mais bela praia do mundo, a Praia do Sancho, em Fernando de Noronha. A fal\u00e9sia que cerca a ba\u00eda guarda uma das paisagens mais lindas e serve de ninhal para diversas aves marinhas. Vista do mar a avermelhada parede de pedra se agiganta e com as ondas batendo nos cost\u00f5es mostra a verdadeira ess\u00eancia oce\u00e2nica de Noronha.","og_url":"https:\/\/jpkrajewski.com\/en\/product\/coqueiro-nas-ondas-de-noronha\/","og_site_name":"JO\u00c3O PAULO KRAJEWSKI","article_modified_time":"2024-03-25T23:57:02+00:00","og_image":[{"width":800,"height":800,"url":"https:\/\/jpkrajewski.com\/wp-content\/uploads\/2024\/03\/coqueiro-nas-ondas-de-noronha.png","type":"image\/png"}],"twitter_card":"summary_large_image","schema":{"@context":"https:\/\/schema.org","@graph":[{"@type":"WebPage","@id":"https:\/\/jpkrajewski.com\/en\/product\/coqueiro-nas-ondas-de-noronha\/","url":"https:\/\/jpkrajewski.com\/en\/product\/coqueiro-nas-ondas-de-noronha\/","name":"Palm tree by the waves of Noronha - JO\u00c3O PAULO KRAJEWSKI","isPartOf":{"@id":"https:\/\/jpkrajewski.com\/#website"},"primaryImageOfPage":{"@id":"https:\/\/jpkrajewski.com\/en\/product\/coqueiro-nas-ondas-de-noronha\/#primaryimage"},"image":{"@id":"https:\/\/jpkrajewski.com\/en\/product\/coqueiro-nas-ondas-de-noronha\/#primaryimage"},"thumbnailUrl":"https:\/\/jpkrajewski.com\/wp-content\/uploads\/2024\/03\/coqueiro-nas-ondas-de-noronha.png","datePublished":"2024-03-12T16:32:05+00:00","dateModified":"2024-03-25T23:57:02+00:00","breadcrumb":{"@id":"https:\/\/jpkrajewski.com\/en\/product\/coqueiro-nas-ondas-de-noronha\/#breadcrumb"},"inLanguage":"en-US","potentialAction":[{"@type":"ReadAction","target":["https:\/\/jpkrajewski.com\/en\/product\/coqueiro-nas-ondas-de-noronha\/"]}]},{"@type":"ImageObject","inLanguage":"en-US","@id":"https:\/\/jpkrajewski.com\/en\/product\/coqueiro-nas-ondas-de-noronha\/#primaryimage","url":"https:\/\/jpkrajewski.com\/wp-content\/uploads\/2024\/03\/coqueiro-nas-ondas-de-noronha.png","contentUrl":"https:\/\/jpkrajewski.com\/wp-content\/uploads\/2024\/03\/coqueiro-nas-ondas-de-noronha.png","width":800,"height":800},{"@type":"BreadcrumbList","@id":"https:\/\/jpkrajewski.com\/en\/product\/coqueiro-nas-ondas-de-noronha\/#breadcrumb","itemListElement":[{"@type":"ListItem","position":1,"name":"In\u00edcio","item":"https:\/\/jpkrajewski.com\/en\/"},{"@type":"ListItem","position":2,"name":"Produtos","item":"https:\/\/jpkrajewski.com\/shop\/"},{"@type":"ListItem","position":3,"name":"Palm tree by the waves of Noronha"}]},{"@type":"WebSite","@id":"https:\/\/jpkrajewski.com\/#website","url":"https:\/\/jpkrajewski.com\/","name":"JO\u00c3O PAULO KRAJEWSKI","description":"Wildlife Photo &amp; Video","potentialAction":[{"@type":"SearchAction","target":{"@type":"EntryPoint","urlTemplate":"https:\/\/jpkrajewski.com\/?s={search_term_string}"},"query-input":{"@type":"PropertyValueSpecification","valueRequired":true,"valueName":"search_term_string"}}],"inLanguage":"en-US"}]}},"_links":{"self":[{"href":"https:\/\/jpkrajewski.com\/en\/wp-json\/wp\/v2\/product\/3616","targetHints":{"allow":["GET"]}}],"collection":[{"href":"https:\/\/jpkrajewski.com\/en\/wp-json\/wp\/v2\/product"}],"about":[{"href":"https:\/\/jpkrajewski.com\/en\/wp-json\/wp\/v2\/types\/product"}],"wp:featuredmedia":[{"embeddable":true,"href":"https:\/\/jpkrajewski.com\/en\/wp-json\/wp\/v2\/media\/3426"}],"wp:attachment":[{"href":"https:\/\/jpkrajewski.com\/en\/wp-json\/wp\/v2\/media?parent=3616"}],"wp:term":[{"taxonomy":"product_brand","embeddable":true,"href":"https:\/\/jpkrajewski.com\/en\/wp-json\/wp\/v2\/product_brand?post=3616"},{"taxonomy":"product_cat","embeddable":true,"href":"https:\/\/jpkrajewski.com\/en\/wp-json\/wp\/v2\/product_cat?post=3616"},{"taxonomy":"product_tag","embeddable":true,"href":"https:\/\/jpkrajewski.com\/en\/wp-json\/wp\/v2\/product_tag?post=3616"}],"curies":[{"name":"wp","href":"https:\/\/api.w.org\/{rel}","templated":true}]}}