{"id":3609,"date":"2024-03-12T13:32:01","date_gmt":"2024-03-12T16:32:01","guid":{"rendered":"https:\/\/jpkrajewski.com\/?post_type=product&#038;p=3609"},"modified":"2024-03-25T20:57:13","modified_gmt":"2024-03-25T23:57:13","slug":"cidade-dos-corais","status":"publish","type":"product","link":"https:\/\/jpkrajewski.com\/en\/product\/cidade-dos-corais\/","title":{"rendered":"Coral City"},"content":{"rendered":"<p>As fotografias s\u00e3o enviadas sem montagem e sem moldura, enroladas em tubo de prote\u00e7\u00e3o.<\/p>\n<p>Todas as fotografias Open\u00a0Edition\u00a0possuem borda branca de 2 cm com a assinatura do fot\u00f3grafo, que pode, ou n\u00e3o, ficar vis\u00edvel ap\u00f3s ser emoldurada, de acordo com a sua escolha.<\/p>\n<p>Todas as impress\u00f5es s\u00e3o feitas sobre papel\u00a0Canson\u00ae\u00a0Photosatin\u00a0Premium RC 270g\u00a0com o mais alto padr\u00e3o de qualidade e checagem individual.<\/p>\n<p>** Uma\u00a0porcentagem\u00a0de todas as compras ser\u00e1 revertida para apoiar projetos de conserva\u00e7\u00e3o da natureza relacionados ao tema da obra.<\/p>\n","protected":false},"excerpt":{"rendered":"<p>Os recifes de corais de Raja\u00a0Ampat, na\u00a0Indon\u00e9sia,\u00a0est\u00e3o\u00a0entre os mais ricos do mundo, com uma variedade\u00a0incr\u00edvel\u00a0de\u00a0esp\u00e9cies e forma\u00e7\u00f5es. Nessa foto, o primeiro plano\u00a0iluminado real\u00e7a\u00a0a beleza e as diferentes formas e cores dos corais, enquanto a\u00a0luz do sol\u00a0da\u00a0superf\u00edcie\u00a0revela,\u00a0ao fundo, a colora\u00e7\u00e3o azul-esverdeada da\u00a0\u00e1gua do mar repleta de nutrientes.<\/p>\n","protected":false},"featured_media":1492,"template":"","meta":{"_acf_changed":false,"inline_featured_image":false},"product_brand":[],"product_cat":[48,47],"product_tag":[],"class_list":{"0":"post-3609","1":"product","2":"type-product","3":"status-publish","4":"has-post-thumbnail","6":"product_cat-ocean","7":"product_cat-open-editions-en","8":"product_shipping_class-sem-moldura-en","10":"first","11":"instock","12":"shipping-taxable","13":"purchasable","14":"product-type-variable"},"acf":[],"yoast_head":"<!-- This site is optimized with the Yoast SEO plugin v27.2 - https:\/\/yoast.com\/product\/yoast-seo-wordpress\/ -->\n<title>Coral City - JO\u00c3O PAULO KRAJEWSKI<\/title>\n<meta name=\"robots\" content=\"index, follow, max-snippet:-1, max-image-preview:large, max-video-preview:-1\" \/>\n<link rel=\"canonical\" href=\"https:\/\/jpkrajewski.com\/en\/product\/cidade-dos-corais\/\" \/>\n<meta property=\"og:locale\" content=\"en_US\" \/>\n<meta property=\"og:type\" content=\"article\" \/>\n<meta property=\"og:title\" content=\"Coral City - JO\u00c3O PAULO KRAJEWSKI\" \/>\n<meta property=\"og:description\" content=\"Os recifes de corais de Raja\u00a0Ampat, na\u00a0Indon\u00e9sia,\u00a0est\u00e3o\u00a0entre os mais ricos do mundo, com uma variedade\u00a0incr\u00edvel\u00a0de\u00a0esp\u00e9cies e forma\u00e7\u00f5es. Nessa foto, o primeiro plano\u00a0iluminado real\u00e7a\u00a0a beleza e as diferentes formas e cores dos corais, enquanto a\u00a0luz do sol\u00a0da\u00a0superf\u00edcie\u00a0revela,\u00a0ao fundo, a colora\u00e7\u00e3o azul-esverdeada da\u00a0\u00e1gua do mar repleta de nutrientes.\" \/>\n<meta property=\"og:url\" content=\"https:\/\/jpkrajewski.com\/en\/product\/cidade-dos-corais\/\" \/>\n<meta property=\"og:site_name\" content=\"JO\u00c3O PAULO KRAJEWSKI\" \/>\n<meta property=\"article:modified_time\" content=\"2024-03-25T23:57:13+00:00\" \/>\n<meta property=\"og:image\" content=\"https:\/\/jpkrajewski.com\/wp-content\/uploads\/2021\/10\/cidade-dos-corais.jpg\" \/>\n\t<meta property=\"og:image:width\" content=\"800\" \/>\n\t<meta property=\"og:image:height\" content=\"800\" \/>\n\t<meta property=\"og:image:type\" content=\"image\/jpeg\" \/>\n<meta name=\"twitter:card\" content=\"summary_large_image\" \/>\n<meta name=\"twitter:label1\" content=\"Est. reading time\" \/>\n\t<meta name=\"twitter:data1\" content=\"1 minute\" \/>\n<script type=\"application\/ld+json\" class=\"yoast-schema-graph\">{\"@context\":\"https:\/\/schema.org\",\"@graph\":[{\"@type\":\"WebPage\",\"@id\":\"https:\/\/jpkrajewski.com\/en\/product\/cidade-dos-corais\/\",\"url\":\"https:\/\/jpkrajewski.com\/en\/product\/cidade-dos-corais\/\",\"name\":\"Coral City - JO\u00c3O PAULO KRAJEWSKI\",\"isPartOf\":{\"@id\":\"https:\/\/jpkrajewski.com\/#website\"},\"primaryImageOfPage\":{\"@id\":\"https:\/\/jpkrajewski.com\/en\/product\/cidade-dos-corais\/#primaryimage\"},\"image\":{\"@id\":\"https:\/\/jpkrajewski.com\/en\/product\/cidade-dos-corais\/#primaryimage\"},\"thumbnailUrl\":\"https:\/\/jpkrajewski.com\/wp-content\/uploads\/2021\/10\/cidade-dos-corais.jpg\",\"datePublished\":\"2024-03-12T16:32:01+00:00\",\"dateModified\":\"2024-03-25T23:57:13+00:00\",\"breadcrumb\":{\"@id\":\"https:\/\/jpkrajewski.com\/en\/product\/cidade-dos-corais\/#breadcrumb\"},\"inLanguage\":\"en-US\",\"potentialAction\":[{\"@type\":\"ReadAction\",\"target\":[\"https:\/\/jpkrajewski.com\/en\/product\/cidade-dos-corais\/\"]}]},{\"@type\":\"ImageObject\",\"inLanguage\":\"en-US\",\"@id\":\"https:\/\/jpkrajewski.com\/en\/product\/cidade-dos-corais\/#primaryimage\",\"url\":\"https:\/\/jpkrajewski.com\/wp-content\/uploads\/2021\/10\/cidade-dos-corais.jpg\",\"contentUrl\":\"https:\/\/jpkrajewski.com\/wp-content\/uploads\/2021\/10\/cidade-dos-corais.jpg\",\"width\":800,\"height\":800},{\"@type\":\"BreadcrumbList\",\"@id\":\"https:\/\/jpkrajewski.com\/en\/product\/cidade-dos-corais\/#breadcrumb\",\"itemListElement\":[{\"@type\":\"ListItem\",\"position\":1,\"name\":\"In\u00edcio\",\"item\":\"https:\/\/jpkrajewski.com\/en\/\"},{\"@type\":\"ListItem\",\"position\":2,\"name\":\"Produtos\",\"item\":\"https:\/\/jpkrajewski.com\/shop\/\"},{\"@type\":\"ListItem\",\"position\":3,\"name\":\"Coral City\"}]},{\"@type\":\"WebSite\",\"@id\":\"https:\/\/jpkrajewski.com\/#website\",\"url\":\"https:\/\/jpkrajewski.com\/\",\"name\":\"JO\u00c3O PAULO KRAJEWSKI\",\"description\":\"Wildlife Photo &amp; Video\",\"potentialAction\":[{\"@type\":\"SearchAction\",\"target\":{\"@type\":\"EntryPoint\",\"urlTemplate\":\"https:\/\/jpkrajewski.com\/?s={search_term_string}\"},\"query-input\":{\"@type\":\"PropertyValueSpecification\",\"valueRequired\":true,\"valueName\":\"search_term_string\"}}],\"inLanguage\":\"en-US\"}]}<\/script>\n<!-- \/ Yoast SEO plugin. -->","yoast_head_json":{"title":"Coral City - JO\u00c3O PAULO KRAJEWSKI","robots":{"index":"index","follow":"follow","max-snippet":"max-snippet:-1","max-image-preview":"max-image-preview:large","max-video-preview":"max-video-preview:-1"},"canonical":"https:\/\/jpkrajewski.com\/en\/product\/cidade-dos-corais\/","og_locale":"en_US","og_type":"article","og_title":"Coral City - JO\u00c3O PAULO KRAJEWSKI","og_description":"Os recifes de corais de Raja\u00a0Ampat, na\u00a0Indon\u00e9sia,\u00a0est\u00e3o\u00a0entre os mais ricos do mundo, com uma variedade\u00a0incr\u00edvel\u00a0de\u00a0esp\u00e9cies e forma\u00e7\u00f5es. Nessa foto, o primeiro plano\u00a0iluminado real\u00e7a\u00a0a beleza e as diferentes formas e cores dos corais, enquanto a\u00a0luz do sol\u00a0da\u00a0superf\u00edcie\u00a0revela,\u00a0ao fundo, a colora\u00e7\u00e3o azul-esverdeada da\u00a0\u00e1gua do mar repleta de nutrientes.","og_url":"https:\/\/jpkrajewski.com\/en\/product\/cidade-dos-corais\/","og_site_name":"JO\u00c3O PAULO KRAJEWSKI","article_modified_time":"2024-03-25T23:57:13+00:00","og_image":[{"width":800,"height":800,"url":"https:\/\/jpkrajewski.com\/wp-content\/uploads\/2021\/10\/cidade-dos-corais.jpg","type":"image\/jpeg"}],"twitter_card":"summary_large_image","twitter_misc":{"Est. reading time":"1 minute"},"schema":{"@context":"https:\/\/schema.org","@graph":[{"@type":"WebPage","@id":"https:\/\/jpkrajewski.com\/en\/product\/cidade-dos-corais\/","url":"https:\/\/jpkrajewski.com\/en\/product\/cidade-dos-corais\/","name":"Coral City - JO\u00c3O PAULO KRAJEWSKI","isPartOf":{"@id":"https:\/\/jpkrajewski.com\/#website"},"primaryImageOfPage":{"@id":"https:\/\/jpkrajewski.com\/en\/product\/cidade-dos-corais\/#primaryimage"},"image":{"@id":"https:\/\/jpkrajewski.com\/en\/product\/cidade-dos-corais\/#primaryimage"},"thumbnailUrl":"https:\/\/jpkrajewski.com\/wp-content\/uploads\/2021\/10\/cidade-dos-corais.jpg","datePublished":"2024-03-12T16:32:01+00:00","dateModified":"2024-03-25T23:57:13+00:00","breadcrumb":{"@id":"https:\/\/jpkrajewski.com\/en\/product\/cidade-dos-corais\/#breadcrumb"},"inLanguage":"en-US","potentialAction":[{"@type":"ReadAction","target":["https:\/\/jpkrajewski.com\/en\/product\/cidade-dos-corais\/"]}]},{"@type":"ImageObject","inLanguage":"en-US","@id":"https:\/\/jpkrajewski.com\/en\/product\/cidade-dos-corais\/#primaryimage","url":"https:\/\/jpkrajewski.com\/wp-content\/uploads\/2021\/10\/cidade-dos-corais.jpg","contentUrl":"https:\/\/jpkrajewski.com\/wp-content\/uploads\/2021\/10\/cidade-dos-corais.jpg","width":800,"height":800},{"@type":"BreadcrumbList","@id":"https:\/\/jpkrajewski.com\/en\/product\/cidade-dos-corais\/#breadcrumb","itemListElement":[{"@type":"ListItem","position":1,"name":"In\u00edcio","item":"https:\/\/jpkrajewski.com\/en\/"},{"@type":"ListItem","position":2,"name":"Produtos","item":"https:\/\/jpkrajewski.com\/shop\/"},{"@type":"ListItem","position":3,"name":"Coral City"}]},{"@type":"WebSite","@id":"https:\/\/jpkrajewski.com\/#website","url":"https:\/\/jpkrajewski.com\/","name":"JO\u00c3O PAULO KRAJEWSKI","description":"Wildlife Photo &amp; Video","potentialAction":[{"@type":"SearchAction","target":{"@type":"EntryPoint","urlTemplate":"https:\/\/jpkrajewski.com\/?s={search_term_string}"},"query-input":{"@type":"PropertyValueSpecification","valueRequired":true,"valueName":"search_term_string"}}],"inLanguage":"en-US"}]}},"_links":{"self":[{"href":"https:\/\/jpkrajewski.com\/en\/wp-json\/wp\/v2\/product\/3609","targetHints":{"allow":["GET"]}}],"collection":[{"href":"https:\/\/jpkrajewski.com\/en\/wp-json\/wp\/v2\/product"}],"about":[{"href":"https:\/\/jpkrajewski.com\/en\/wp-json\/wp\/v2\/types\/product"}],"wp:featuredmedia":[{"embeddable":true,"href":"https:\/\/jpkrajewski.com\/en\/wp-json\/wp\/v2\/media\/1492"}],"wp:attachment":[{"href":"https:\/\/jpkrajewski.com\/en\/wp-json\/wp\/v2\/media?parent=3609"}],"wp:term":[{"taxonomy":"product_brand","embeddable":true,"href":"https:\/\/jpkrajewski.com\/en\/wp-json\/wp\/v2\/product_brand?post=3609"},{"taxonomy":"product_cat","embeddable":true,"href":"https:\/\/jpkrajewski.com\/en\/wp-json\/wp\/v2\/product_cat?post=3609"},{"taxonomy":"product_tag","embeddable":true,"href":"https:\/\/jpkrajewski.com\/en\/wp-json\/wp\/v2\/product_tag?post=3609"}],"curies":[{"name":"wp","href":"https:\/\/api.w.org\/{rel}","templated":true}]}}