{"id":3602,"date":"2024-03-12T13:31:50","date_gmt":"2024-03-12T16:31:50","guid":{"rendered":"https:\/\/jpkrajewski.com\/?post_type=product&#038;p=3602"},"modified":"2024-03-13T17:39:49","modified_gmt":"2024-03-13T20:39:49","slug":"a-vida-em-nossos-mares","status":"publish","type":"product","link":"https:\/\/jpkrajewski.com\/en\/product\/a-vida-em-nossos-mares\/","title":{"rendered":"A vida em Nossos Mares"},"content":{"rendered":"<p>&#8220;A Vida em Nossos Mares&#8221; apresenta uma cole\u00e7\u00e3o de fotografias \u00fanica e de alta qualidade dos mais coloridos e diversos ambientes marinhos. Recifes de corais, florestas de algas, cavernas, manguezais e muitos outros ambientes e seus habitantes coloridos ilustram esse livro. As fotografias foram tiradas em mais de 10 pa\u00edses, durante 20 anos, pelo bi\u00f3logo e fot\u00f3grafo premiado internacionalmente Jo\u00e3o Paulo Krajewski. As imagens s\u00e3o acompanhadas por legendas informativas em portugu\u00eas e ingl\u00eas. Cada cap\u00edtulo apresenta um texto de abertura redigido por pesquisadores em biologia marinha renomados internacionalmente.<\/p>\n<p>Uma obra para se encantar e informar. Capa dura, impress\u00e3o de alta qualidade, fotos premiadas, textos escritos por profissionais em biologia marinha.<\/p>\n<p>&nbsp;<\/p>\n<p><iframe loading=\"lazy\" title=\"A vida em nosso mares - Making of\" width=\"1080\" height=\"608\" src=\"https:\/\/www.youtube.com\/embed\/qmFZaatinfk?feature=oembed\" frameborder=\"0\" allow=\"accelerometer; autoplay; clipboard-write; encrypted-media; gyroscope; picture-in-picture; web-share\" allowfullscreen><\/iframe><\/p>\n","protected":false},"excerpt":{"rendered":"<p>Caracter\u00edsticas do livro:<\/p>\n<ul>\n<li>\u00a0\u2060FORMATO: 34cm x 28cm;<\/li>\n<li>\u00a0\u2060MIOLO: 288 p\u00e1ginas.<\/li>\n<li>\u00a0\u2060ACABAMENTO: Capa Dura;<\/li>\n<li>\u00a0\u2060IDIOMA: Portugu\u00eas\/Ingl\u00eas<\/li>\n<\/ul>\n<p>&nbsp;<\/p>\n<p>Se desejar que seu exemplar venha com uma dedicat\u00f3ria do autor, <a href=\"mailto:robertabonaldo@gmail.com\">mande-nos mensagem ap\u00f3s a compra<\/a>.<\/p>\n","protected":false},"featured_media":3311,"template":"","meta":{"_acf_changed":false,"inline_featured_image":false},"product_brand":[],"product_cat":[161],"product_tag":[],"class_list":{"0":"post-3602","1":"product","2":"type-product","3":"status-publish","4":"has-post-thumbnail","6":"product_cat-books-and-others","7":"product_shipping_class-envio-livros-en","9":"first","10":"instock","11":"shipping-taxable","12":"purchasable","13":"product-type-simple"},"acf":[],"yoast_head":"<!-- This site is optimized with the Yoast SEO plugin v27.2 - https:\/\/yoast.com\/product\/yoast-seo-wordpress\/ -->\n<title>A vida em Nossos Mares - JO\u00c3O PAULO KRAJEWSKI<\/title>\n<meta name=\"robots\" content=\"index, follow, max-snippet:-1, max-image-preview:large, max-video-preview:-1\" \/>\n<link rel=\"canonical\" href=\"https:\/\/jpkrajewski.com\/en\/product\/a-vida-em-nossos-mares\/\" \/>\n<meta property=\"og:locale\" content=\"en_US\" \/>\n<meta property=\"og:type\" content=\"article\" \/>\n<meta property=\"og:title\" content=\"A vida em Nossos Mares - JO\u00c3O PAULO KRAJEWSKI\" \/>\n<meta property=\"og:description\" content=\"Caracter\u00edsticas do livro:   \u00a0\u2060FORMATO: 34cm x 28cm;  \u00a0\u2060MIOLO: 288 p\u00e1ginas.  \u00a0\u2060ACABAMENTO: Capa Dura;  \u00a0\u2060IDIOMA: Portugu\u00eas\/Ingl\u00eas  &nbsp;  Se desejar que seu exemplar venha com uma dedicat\u00f3ria do autor, mande-nos mensagem ap\u00f3s a compra.\" \/>\n<meta property=\"og:url\" content=\"https:\/\/jpkrajewski.com\/en\/product\/a-vida-em-nossos-mares\/\" \/>\n<meta property=\"og:site_name\" content=\"JO\u00c3O PAULO KRAJEWSKI\" \/>\n<meta property=\"article:modified_time\" content=\"2024-03-13T20:39:49+00:00\" \/>\n<meta property=\"og:image\" content=\"https:\/\/jpkrajewski.com\/wp-content\/uploads\/2021\/10\/D_NQ_NP_2X_863743-MLB31087468876_062019-F.webp\" \/>\n\t<meta property=\"og:image:width\" content=\"599\" \/>\n\t<meta property=\"og:image:height\" content=\"506\" \/>\n\t<meta property=\"og:image:type\" content=\"image\/webp\" \/>\n<meta name=\"twitter:card\" content=\"summary_large_image\" \/>\n<meta name=\"twitter:label1\" content=\"Est. reading time\" \/>\n\t<meta name=\"twitter:data1\" content=\"1 minute\" \/>\n<script type=\"application\/ld+json\" class=\"yoast-schema-graph\">{\"@context\":\"https:\/\/schema.org\",\"@graph\":[{\"@type\":\"WebPage\",\"@id\":\"https:\/\/jpkrajewski.com\/en\/product\/a-vida-em-nossos-mares\/\",\"url\":\"https:\/\/jpkrajewski.com\/en\/product\/a-vida-em-nossos-mares\/\",\"name\":\"A vida em Nossos Mares - JO\u00c3O PAULO KRAJEWSKI\",\"isPartOf\":{\"@id\":\"https:\/\/jpkrajewski.com\/#website\"},\"primaryImageOfPage\":{\"@id\":\"https:\/\/jpkrajewski.com\/en\/product\/a-vida-em-nossos-mares\/#primaryimage\"},\"image\":{\"@id\":\"https:\/\/jpkrajewski.com\/en\/product\/a-vida-em-nossos-mares\/#primaryimage\"},\"thumbnailUrl\":\"https:\/\/jpkrajewski.com\/wp-content\/uploads\/2021\/10\/D_NQ_NP_2X_863743-MLB31087468876_062019-F.webp\",\"datePublished\":\"2024-03-12T16:31:50+00:00\",\"dateModified\":\"2024-03-13T20:39:49+00:00\",\"breadcrumb\":{\"@id\":\"https:\/\/jpkrajewski.com\/en\/product\/a-vida-em-nossos-mares\/#breadcrumb\"},\"inLanguage\":\"en-US\",\"potentialAction\":[{\"@type\":\"ReadAction\",\"target\":[\"https:\/\/jpkrajewski.com\/en\/product\/a-vida-em-nossos-mares\/\"]}]},{\"@type\":\"ImageObject\",\"inLanguage\":\"en-US\",\"@id\":\"https:\/\/jpkrajewski.com\/en\/product\/a-vida-em-nossos-mares\/#primaryimage\",\"url\":\"https:\/\/jpkrajewski.com\/wp-content\/uploads\/2021\/10\/D_NQ_NP_2X_863743-MLB31087468876_062019-F.webp\",\"contentUrl\":\"https:\/\/jpkrajewski.com\/wp-content\/uploads\/2021\/10\/D_NQ_NP_2X_863743-MLB31087468876_062019-F.webp\",\"width\":599,\"height\":506},{\"@type\":\"BreadcrumbList\",\"@id\":\"https:\/\/jpkrajewski.com\/en\/product\/a-vida-em-nossos-mares\/#breadcrumb\",\"itemListElement\":[{\"@type\":\"ListItem\",\"position\":1,\"name\":\"In\u00edcio\",\"item\":\"https:\/\/jpkrajewski.com\/en\/\"},{\"@type\":\"ListItem\",\"position\":2,\"name\":\"Produtos\",\"item\":\"https:\/\/jpkrajewski.com\/shop\/\"},{\"@type\":\"ListItem\",\"position\":3,\"name\":\"A vida em Nossos Mares\"}]},{\"@type\":\"WebSite\",\"@id\":\"https:\/\/jpkrajewski.com\/#website\",\"url\":\"https:\/\/jpkrajewski.com\/\",\"name\":\"JO\u00c3O PAULO KRAJEWSKI\",\"description\":\"Wildlife Photo &amp; Video\",\"potentialAction\":[{\"@type\":\"SearchAction\",\"target\":{\"@type\":\"EntryPoint\",\"urlTemplate\":\"https:\/\/jpkrajewski.com\/?s={search_term_string}\"},\"query-input\":{\"@type\":\"PropertyValueSpecification\",\"valueRequired\":true,\"valueName\":\"search_term_string\"}}],\"inLanguage\":\"en-US\"}]}<\/script>\n<!-- \/ Yoast SEO plugin. -->","yoast_head_json":{"title":"A vida em Nossos Mares - JO\u00c3O PAULO KRAJEWSKI","robots":{"index":"index","follow":"follow","max-snippet":"max-snippet:-1","max-image-preview":"max-image-preview:large","max-video-preview":"max-video-preview:-1"},"canonical":"https:\/\/jpkrajewski.com\/en\/product\/a-vida-em-nossos-mares\/","og_locale":"en_US","og_type":"article","og_title":"A vida em Nossos Mares - JO\u00c3O PAULO KRAJEWSKI","og_description":"Caracter\u00edsticas do livro:   \u00a0\u2060FORMATO: 34cm x 28cm;  \u00a0\u2060MIOLO: 288 p\u00e1ginas.  \u00a0\u2060ACABAMENTO: Capa Dura;  \u00a0\u2060IDIOMA: Portugu\u00eas\/Ingl\u00eas  &nbsp;  Se desejar que seu exemplar venha com uma dedicat\u00f3ria do autor, mande-nos mensagem ap\u00f3s a compra.","og_url":"https:\/\/jpkrajewski.com\/en\/product\/a-vida-em-nossos-mares\/","og_site_name":"JO\u00c3O PAULO KRAJEWSKI","article_modified_time":"2024-03-13T20:39:49+00:00","og_image":[{"width":599,"height":506,"url":"https:\/\/jpkrajewski.com\/wp-content\/uploads\/2021\/10\/D_NQ_NP_2X_863743-MLB31087468876_062019-F.webp","type":"image\/webp"}],"twitter_card":"summary_large_image","twitter_misc":{"Est. reading time":"1 minute"},"schema":{"@context":"https:\/\/schema.org","@graph":[{"@type":"WebPage","@id":"https:\/\/jpkrajewski.com\/en\/product\/a-vida-em-nossos-mares\/","url":"https:\/\/jpkrajewski.com\/en\/product\/a-vida-em-nossos-mares\/","name":"A vida em Nossos Mares - JO\u00c3O PAULO KRAJEWSKI","isPartOf":{"@id":"https:\/\/jpkrajewski.com\/#website"},"primaryImageOfPage":{"@id":"https:\/\/jpkrajewski.com\/en\/product\/a-vida-em-nossos-mares\/#primaryimage"},"image":{"@id":"https:\/\/jpkrajewski.com\/en\/product\/a-vida-em-nossos-mares\/#primaryimage"},"thumbnailUrl":"https:\/\/jpkrajewski.com\/wp-content\/uploads\/2021\/10\/D_NQ_NP_2X_863743-MLB31087468876_062019-F.webp","datePublished":"2024-03-12T16:31:50+00:00","dateModified":"2024-03-13T20:39:49+00:00","breadcrumb":{"@id":"https:\/\/jpkrajewski.com\/en\/product\/a-vida-em-nossos-mares\/#breadcrumb"},"inLanguage":"en-US","potentialAction":[{"@type":"ReadAction","target":["https:\/\/jpkrajewski.com\/en\/product\/a-vida-em-nossos-mares\/"]}]},{"@type":"ImageObject","inLanguage":"en-US","@id":"https:\/\/jpkrajewski.com\/en\/product\/a-vida-em-nossos-mares\/#primaryimage","url":"https:\/\/jpkrajewski.com\/wp-content\/uploads\/2021\/10\/D_NQ_NP_2X_863743-MLB31087468876_062019-F.webp","contentUrl":"https:\/\/jpkrajewski.com\/wp-content\/uploads\/2021\/10\/D_NQ_NP_2X_863743-MLB31087468876_062019-F.webp","width":599,"height":506},{"@type":"BreadcrumbList","@id":"https:\/\/jpkrajewski.com\/en\/product\/a-vida-em-nossos-mares\/#breadcrumb","itemListElement":[{"@type":"ListItem","position":1,"name":"In\u00edcio","item":"https:\/\/jpkrajewski.com\/en\/"},{"@type":"ListItem","position":2,"name":"Produtos","item":"https:\/\/jpkrajewski.com\/shop\/"},{"@type":"ListItem","position":3,"name":"A vida em Nossos Mares"}]},{"@type":"WebSite","@id":"https:\/\/jpkrajewski.com\/#website","url":"https:\/\/jpkrajewski.com\/","name":"JO\u00c3O PAULO KRAJEWSKI","description":"Wildlife Photo &amp; Video","potentialAction":[{"@type":"SearchAction","target":{"@type":"EntryPoint","urlTemplate":"https:\/\/jpkrajewski.com\/?s={search_term_string}"},"query-input":{"@type":"PropertyValueSpecification","valueRequired":true,"valueName":"search_term_string"}}],"inLanguage":"en-US"}]}},"_links":{"self":[{"href":"https:\/\/jpkrajewski.com\/en\/wp-json\/wp\/v2\/product\/3602","targetHints":{"allow":["GET"]}}],"collection":[{"href":"https:\/\/jpkrajewski.com\/en\/wp-json\/wp\/v2\/product"}],"about":[{"href":"https:\/\/jpkrajewski.com\/en\/wp-json\/wp\/v2\/types\/product"}],"wp:featuredmedia":[{"embeddable":true,"href":"https:\/\/jpkrajewski.com\/en\/wp-json\/wp\/v2\/media\/3311"}],"wp:attachment":[{"href":"https:\/\/jpkrajewski.com\/en\/wp-json\/wp\/v2\/media?parent=3602"}],"wp:term":[{"taxonomy":"product_brand","embeddable":true,"href":"https:\/\/jpkrajewski.com\/en\/wp-json\/wp\/v2\/product_brand?post=3602"},{"taxonomy":"product_cat","embeddable":true,"href":"https:\/\/jpkrajewski.com\/en\/wp-json\/wp\/v2\/product_cat?post=3602"},{"taxonomy":"product_tag","embeddable":true,"href":"https:\/\/jpkrajewski.com\/en\/wp-json\/wp\/v2\/product_tag?post=3602"}],"curies":[{"name":"wp","href":"https:\/\/api.w.org\/{rel}","templated":true}]}}