{"id":3601,"date":"2024-03-12T13:31:46","date_gmt":"2024-03-12T16:31:46","guid":{"rendered":"https:\/\/jpkrajewski.com\/?post_type=product&#038;p=3601"},"modified":"2024-03-13T17:39:49","modified_gmt":"2024-03-13T20:39:49","slug":"a-vida-dos-peixes-em-fernando-de-noronha","status":"publish","type":"product","link":"https:\/\/jpkrajewski.com\/en\/product\/a-vida-dos-peixes-em-fernando-de-noronha\/","title":{"rendered":"A Vida dos Peixes em Fernando de Noronha"},"content":{"rendered":"<p>Livro sobre a vida dos habitantes do fundo do mar de Fernando de Noronha. Peixes coloridos, tubar\u00f5es, raias, golfinhos,moreias e tartarugas-marinhas s\u00e3o alguns dos protagonistas dessa obra, escrita por quatro bi\u00f3logos que trabalharam no arquip\u00e9lago de Fernando de Noronha durante anos. O livro tamb\u00e9m \u00e9 repleto de fotografias dos belos habitantes e cen\u00e1rios de Fernando de Noronha, que ilustram as hist\u00f3rias reportadas.<\/p>\n<p>&nbsp;<\/p>\n<p><a href=\"http:\/\/g1.globo.com\/sp\/campinas-regiao\/jornal-da-eptv\/videos\/v\/livro-mostra-vida-dos-peixes-em-fernando-de-noronha\/2621111\/\" target=\"_blank\" rel=\"noopener\">http:\/\/g1.globo.com\/sp\/campinas-regiao\/jornal-da-eptv\/videos\/v\/livro-mostra-vida-dos-peixes-em-fernando-de-noronha\/2621111\/<\/a><\/p>\n","protected":false},"excerpt":{"rendered":"<p>CARACTER\u00cdSTICAS:<\/p>\n<ul>\n<li>Capa flex\u00edvel com prote\u00e7\u00e3o pl\u00e1stica.<\/li>\n<li>Dimens\u00f5es: 21cm (altura) x 17cm (largura) x 2,5cm (profundidade)<\/li>\n<li>276 p\u00e1ginas<\/li>\n<li>Peso 0.802 kg<\/li>\n<li>ISBN: 9788599273067<\/li>\n<li>Editora: Terra da Gente<\/li>\n<li>Ano da edi\u00e7\u00e3o: 2013<\/li>\n<\/ul>\n<p>&nbsp;<\/p>\n<p>Se desejar que seu exemplar venha com uma dedicat\u00f3ria dos autores Jo\u00e3o Paulo Krajewski e Roberta Bonaldo, <a href=\"mailto:robertabonaldo@gmail.com\">mande-nos mensagem ap\u00f3s a compra<\/a>.<\/p>\n<p>&nbsp;<\/p>\n","protected":false},"featured_media":3327,"template":"","meta":{"_acf_changed":false,"inline_featured_image":false},"product_brand":[],"product_cat":[161],"product_tag":[],"class_list":{"0":"post-3601","1":"product","2":"type-product","3":"status-publish","4":"has-post-thumbnail","6":"product_cat-books-and-others","7":"product_shipping_class-envio-livros-en","9":"first","10":"instock","11":"shipping-taxable","12":"purchasable","13":"product-type-simple"},"acf":[],"yoast_head":"<!-- This site is optimized with the Yoast SEO plugin v27.2 - https:\/\/yoast.com\/product\/yoast-seo-wordpress\/ -->\n<title>A Vida dos Peixes em Fernando de Noronha - JO\u00c3O PAULO KRAJEWSKI<\/title>\n<meta name=\"robots\" content=\"index, follow, max-snippet:-1, max-image-preview:large, max-video-preview:-1\" \/>\n<link rel=\"canonical\" href=\"https:\/\/jpkrajewski.com\/en\/product\/a-vida-dos-peixes-em-fernando-de-noronha\/\" \/>\n<meta property=\"og:locale\" content=\"en_US\" \/>\n<meta property=\"og:type\" content=\"article\" \/>\n<meta property=\"og:title\" content=\"A Vida dos Peixes em Fernando de Noronha - JO\u00c3O PAULO KRAJEWSKI\" \/>\n<meta property=\"og:description\" content=\"CARACTER\u00cdSTICAS:   Capa flex\u00edvel com prote\u00e7\u00e3o pl\u00e1stica.  Dimens\u00f5es: 21cm (altura) x 17cm (largura) x 2,5cm (profundidade)  276 p\u00e1ginas  Peso 0.802 kg  ISBN: 9788599273067  Editora: Terra da Gente  Ano da edi\u00e7\u00e3o: 2013  &nbsp;  Se desejar que seu exemplar venha com uma dedicat\u00f3ria dos autores Jo\u00e3o Paulo Krajewski e Roberta Bonaldo, mande-nos mensagem ap\u00f3s a compra.  &nbsp;\" \/>\n<meta property=\"og:url\" content=\"https:\/\/jpkrajewski.com\/en\/product\/a-vida-dos-peixes-em-fernando-de-noronha\/\" \/>\n<meta property=\"og:site_name\" content=\"JO\u00c3O PAULO KRAJEWSKI\" \/>\n<meta property=\"article:modified_time\" content=\"2024-03-13T20:39:49+00:00\" \/>\n<meta property=\"og:image\" content=\"https:\/\/jpkrajewski.com\/wp-content\/uploads\/2021\/10\/capa.jpg\" \/>\n\t<meta property=\"og:image:width\" content=\"844\" \/>\n\t<meta property=\"og:image:height\" content=\"965\" \/>\n\t<meta property=\"og:image:type\" content=\"image\/jpeg\" \/>\n<meta name=\"twitter:card\" content=\"summary_large_image\" \/>\n<script type=\"application\/ld+json\" class=\"yoast-schema-graph\">{\"@context\":\"https:\/\/schema.org\",\"@graph\":[{\"@type\":\"WebPage\",\"@id\":\"https:\/\/jpkrajewski.com\/en\/product\/a-vida-dos-peixes-em-fernando-de-noronha\/\",\"url\":\"https:\/\/jpkrajewski.com\/en\/product\/a-vida-dos-peixes-em-fernando-de-noronha\/\",\"name\":\"A Vida dos Peixes em Fernando de Noronha - JO\u00c3O PAULO KRAJEWSKI\",\"isPartOf\":{\"@id\":\"https:\/\/jpkrajewski.com\/#website\"},\"primaryImageOfPage\":{\"@id\":\"https:\/\/jpkrajewski.com\/en\/product\/a-vida-dos-peixes-em-fernando-de-noronha\/#primaryimage\"},\"image\":{\"@id\":\"https:\/\/jpkrajewski.com\/en\/product\/a-vida-dos-peixes-em-fernando-de-noronha\/#primaryimage\"},\"thumbnailUrl\":\"https:\/\/jpkrajewski.com\/wp-content\/uploads\/2021\/10\/capa.jpg\",\"datePublished\":\"2024-03-12T16:31:46+00:00\",\"dateModified\":\"2024-03-13T20:39:49+00:00\",\"breadcrumb\":{\"@id\":\"https:\/\/jpkrajewski.com\/en\/product\/a-vida-dos-peixes-em-fernando-de-noronha\/#breadcrumb\"},\"inLanguage\":\"en-US\",\"potentialAction\":[{\"@type\":\"ReadAction\",\"target\":[\"https:\/\/jpkrajewski.com\/en\/product\/a-vida-dos-peixes-em-fernando-de-noronha\/\"]}]},{\"@type\":\"ImageObject\",\"inLanguage\":\"en-US\",\"@id\":\"https:\/\/jpkrajewski.com\/en\/product\/a-vida-dos-peixes-em-fernando-de-noronha\/#primaryimage\",\"url\":\"https:\/\/jpkrajewski.com\/wp-content\/uploads\/2021\/10\/capa.jpg\",\"contentUrl\":\"https:\/\/jpkrajewski.com\/wp-content\/uploads\/2021\/10\/capa.jpg\",\"width\":844,\"height\":965},{\"@type\":\"BreadcrumbList\",\"@id\":\"https:\/\/jpkrajewski.com\/en\/product\/a-vida-dos-peixes-em-fernando-de-noronha\/#breadcrumb\",\"itemListElement\":[{\"@type\":\"ListItem\",\"position\":1,\"name\":\"In\u00edcio\",\"item\":\"https:\/\/jpkrajewski.com\/en\/\"},{\"@type\":\"ListItem\",\"position\":2,\"name\":\"Produtos\",\"item\":\"https:\/\/jpkrajewski.com\/shop\/\"},{\"@type\":\"ListItem\",\"position\":3,\"name\":\"A Vida dos Peixes em Fernando de Noronha\"}]},{\"@type\":\"WebSite\",\"@id\":\"https:\/\/jpkrajewski.com\/#website\",\"url\":\"https:\/\/jpkrajewski.com\/\",\"name\":\"JO\u00c3O PAULO KRAJEWSKI\",\"description\":\"Wildlife Photo &amp; Video\",\"potentialAction\":[{\"@type\":\"SearchAction\",\"target\":{\"@type\":\"EntryPoint\",\"urlTemplate\":\"https:\/\/jpkrajewski.com\/?s={search_term_string}\"},\"query-input\":{\"@type\":\"PropertyValueSpecification\",\"valueRequired\":true,\"valueName\":\"search_term_string\"}}],\"inLanguage\":\"en-US\"}]}<\/script>\n<!-- \/ Yoast SEO plugin. -->","yoast_head_json":{"title":"A Vida dos Peixes em Fernando de Noronha - JO\u00c3O PAULO KRAJEWSKI","robots":{"index":"index","follow":"follow","max-snippet":"max-snippet:-1","max-image-preview":"max-image-preview:large","max-video-preview":"max-video-preview:-1"},"canonical":"https:\/\/jpkrajewski.com\/en\/product\/a-vida-dos-peixes-em-fernando-de-noronha\/","og_locale":"en_US","og_type":"article","og_title":"A Vida dos Peixes em Fernando de Noronha - JO\u00c3O PAULO KRAJEWSKI","og_description":"CARACTER\u00cdSTICAS:   Capa flex\u00edvel com prote\u00e7\u00e3o pl\u00e1stica.  Dimens\u00f5es: 21cm (altura) x 17cm (largura) x 2,5cm (profundidade)  276 p\u00e1ginas  Peso 0.802 kg  ISBN: 9788599273067  Editora: Terra da Gente  Ano da edi\u00e7\u00e3o: 2013  &nbsp;  Se desejar que seu exemplar venha com uma dedicat\u00f3ria dos autores Jo\u00e3o Paulo Krajewski e Roberta Bonaldo, mande-nos mensagem ap\u00f3s a compra.  &nbsp;","og_url":"https:\/\/jpkrajewski.com\/en\/product\/a-vida-dos-peixes-em-fernando-de-noronha\/","og_site_name":"JO\u00c3O PAULO KRAJEWSKI","article_modified_time":"2024-03-13T20:39:49+00:00","og_image":[{"width":844,"height":965,"url":"https:\/\/jpkrajewski.com\/wp-content\/uploads\/2021\/10\/capa.jpg","type":"image\/jpeg"}],"twitter_card":"summary_large_image","schema":{"@context":"https:\/\/schema.org","@graph":[{"@type":"WebPage","@id":"https:\/\/jpkrajewski.com\/en\/product\/a-vida-dos-peixes-em-fernando-de-noronha\/","url":"https:\/\/jpkrajewski.com\/en\/product\/a-vida-dos-peixes-em-fernando-de-noronha\/","name":"A Vida dos Peixes em Fernando de Noronha - JO\u00c3O PAULO KRAJEWSKI","isPartOf":{"@id":"https:\/\/jpkrajewski.com\/#website"},"primaryImageOfPage":{"@id":"https:\/\/jpkrajewski.com\/en\/product\/a-vida-dos-peixes-em-fernando-de-noronha\/#primaryimage"},"image":{"@id":"https:\/\/jpkrajewski.com\/en\/product\/a-vida-dos-peixes-em-fernando-de-noronha\/#primaryimage"},"thumbnailUrl":"https:\/\/jpkrajewski.com\/wp-content\/uploads\/2021\/10\/capa.jpg","datePublished":"2024-03-12T16:31:46+00:00","dateModified":"2024-03-13T20:39:49+00:00","breadcrumb":{"@id":"https:\/\/jpkrajewski.com\/en\/product\/a-vida-dos-peixes-em-fernando-de-noronha\/#breadcrumb"},"inLanguage":"en-US","potentialAction":[{"@type":"ReadAction","target":["https:\/\/jpkrajewski.com\/en\/product\/a-vida-dos-peixes-em-fernando-de-noronha\/"]}]},{"@type":"ImageObject","inLanguage":"en-US","@id":"https:\/\/jpkrajewski.com\/en\/product\/a-vida-dos-peixes-em-fernando-de-noronha\/#primaryimage","url":"https:\/\/jpkrajewski.com\/wp-content\/uploads\/2021\/10\/capa.jpg","contentUrl":"https:\/\/jpkrajewski.com\/wp-content\/uploads\/2021\/10\/capa.jpg","width":844,"height":965},{"@type":"BreadcrumbList","@id":"https:\/\/jpkrajewski.com\/en\/product\/a-vida-dos-peixes-em-fernando-de-noronha\/#breadcrumb","itemListElement":[{"@type":"ListItem","position":1,"name":"In\u00edcio","item":"https:\/\/jpkrajewski.com\/en\/"},{"@type":"ListItem","position":2,"name":"Produtos","item":"https:\/\/jpkrajewski.com\/shop\/"},{"@type":"ListItem","position":3,"name":"A Vida dos Peixes em Fernando de Noronha"}]},{"@type":"WebSite","@id":"https:\/\/jpkrajewski.com\/#website","url":"https:\/\/jpkrajewski.com\/","name":"JO\u00c3O PAULO KRAJEWSKI","description":"Wildlife Photo &amp; Video","potentialAction":[{"@type":"SearchAction","target":{"@type":"EntryPoint","urlTemplate":"https:\/\/jpkrajewski.com\/?s={search_term_string}"},"query-input":{"@type":"PropertyValueSpecification","valueRequired":true,"valueName":"search_term_string"}}],"inLanguage":"en-US"}]}},"_links":{"self":[{"href":"https:\/\/jpkrajewski.com\/en\/wp-json\/wp\/v2\/product\/3601","targetHints":{"allow":["GET"]}}],"collection":[{"href":"https:\/\/jpkrajewski.com\/en\/wp-json\/wp\/v2\/product"}],"about":[{"href":"https:\/\/jpkrajewski.com\/en\/wp-json\/wp\/v2\/types\/product"}],"wp:featuredmedia":[{"embeddable":true,"href":"https:\/\/jpkrajewski.com\/en\/wp-json\/wp\/v2\/media\/3327"}],"wp:attachment":[{"href":"https:\/\/jpkrajewski.com\/en\/wp-json\/wp\/v2\/media?parent=3601"}],"wp:term":[{"taxonomy":"product_brand","embeddable":true,"href":"https:\/\/jpkrajewski.com\/en\/wp-json\/wp\/v2\/product_brand?post=3601"},{"taxonomy":"product_cat","embeddable":true,"href":"https:\/\/jpkrajewski.com\/en\/wp-json\/wp\/v2\/product_cat?post=3601"},{"taxonomy":"product_tag","embeddable":true,"href":"https:\/\/jpkrajewski.com\/en\/wp-json\/wp\/v2\/product_tag?post=3601"}],"curies":[{"name":"wp","href":"https:\/\/api.w.org\/{rel}","templated":true}]}}