{"id":3589,"date":"2024-03-12T13:20:27","date_gmt":"2024-03-12T16:20:27","guid":{"rendered":"https:\/\/jpkrajewski.com\/?post_type=product&#038;p=3589"},"modified":"2024-03-20T18:48:02","modified_gmt":"2024-03-20T21:48:02","slug":"raja-ampat","status":"publish","type":"product","link":"https:\/\/jpkrajewski.com\/en\/product\/raja-ampat\/","title":{"rendered":"Raja Ampat"},"content":{"rendered":"<p>As fotografias s\u00e3o enviadas sem montagem e sem moldura, enroladas em tubo de prote\u00e7\u00e3o.<\/p>\n<p>Todas as fotografias Open\u00a0Edition\u00a0possuem borda branca de 2 cm com a assinatura do fot\u00f3grafo, que pode, ou n\u00e3o, ficar vis\u00edvel ap\u00f3s ser emoldurada, de acordo com a sua escolha.<\/p>\n<p>Todas as impress\u00f5es s\u00e3o feitas sobre papel\u00a0Canson\u00ae\u00a0Photosatin\u00a0Premium RC 270g\u00a0com o mais alto padr\u00e3o de qualidade e checagem individual.<\/p>\n<p>** Uma\u00a0porcentagem\u00a0de todas as compras ser\u00e1 revertida para apoiar projetos de conserva\u00e7\u00e3o da natureza relacionados ao tema da obra.<\/p>\n<p>&nbsp;<\/p>\n","protected":false},"excerpt":{"rendered":"<p>O\u00a0arquip\u00e9lago de Raja\u00a0Ampat, na\u00a0Indon\u00e9sia, apresenta uma das maiores diversidades marinhas do mundo. A regi\u00e3o, com mais de 600 ilhas cobertas por vegeta\u00e7\u00e3o exuberante,\u00a0\u00e9\u00a0banhada por\u00a0\u00e1guas cristalinas. Quando visitei o\u00a0arquip\u00e9lago, os\u00a0drones\u00a0ainda n\u00e3o eram t\u00e3o populares e dispon\u00edveis como hoje, mas tive a oportunidade de sobrevoar as ilhas a bordo de um pequeno avi\u00e3o ultraleve experimental, e\u00a0de\u00a0visualizar a beleza e cores\u00a0\u00fanicas da regi\u00e3o do ar.\u00a0Uma das experi\u00eancias mais inesquec\u00edveis que j\u00e1\u00a0tive!<\/p>\n","protected":false},"featured_media":1474,"template":"","meta":{"_acf_changed":false,"inline_featured_image":false},"product_brand":[],"product_cat":[48,47],"product_tag":[],"class_list":{"0":"post-3589","1":"product","2":"type-product","3":"status-publish","4":"has-post-thumbnail","6":"product_cat-ocean","7":"product_cat-open-editions-en","8":"product_shipping_class-sem-moldura-en","10":"first","11":"instock","12":"shipping-taxable","13":"purchasable","14":"product-type-variable"},"acf":[],"yoast_head":"<!-- This site is optimized with the Yoast SEO plugin v27.2 - https:\/\/yoast.com\/product\/yoast-seo-wordpress\/ -->\n<title>Raja Ampat - JO\u00c3O PAULO KRAJEWSKI<\/title>\n<meta name=\"robots\" content=\"index, follow, max-snippet:-1, max-image-preview:large, max-video-preview:-1\" \/>\n<link rel=\"canonical\" href=\"https:\/\/jpkrajewski.com\/en\/product\/raja-ampat\/\" \/>\n<meta property=\"og:locale\" content=\"en_US\" \/>\n<meta property=\"og:type\" content=\"article\" \/>\n<meta property=\"og:title\" content=\"Raja Ampat - JO\u00c3O PAULO KRAJEWSKI\" \/>\n<meta property=\"og:description\" content=\"O\u00a0arquip\u00e9lago de Raja\u00a0Ampat, na\u00a0Indon\u00e9sia, apresenta uma das maiores diversidades marinhas do mundo. A regi\u00e3o, com mais de 600 ilhas cobertas por vegeta\u00e7\u00e3o exuberante,\u00a0\u00e9\u00a0banhada por\u00a0\u00e1guas cristalinas. Quando visitei o\u00a0arquip\u00e9lago, os\u00a0drones\u00a0ainda n\u00e3o eram t\u00e3o populares e dispon\u00edveis como hoje, mas tive a oportunidade de sobrevoar as ilhas a bordo de um pequeno avi\u00e3o ultraleve experimental, e\u00a0de\u00a0visualizar a beleza e cores\u00a0\u00fanicas da regi\u00e3o do ar.\u00a0Uma das experi\u00eancias mais inesquec\u00edveis que j\u00e1\u00a0tive!\" \/>\n<meta property=\"og:url\" content=\"https:\/\/jpkrajewski.com\/en\/product\/raja-ampat\/\" \/>\n<meta property=\"og:site_name\" content=\"JO\u00c3O PAULO KRAJEWSKI\" \/>\n<meta property=\"article:modified_time\" content=\"2024-03-20T21:48:02+00:00\" \/>\n<meta property=\"og:image\" content=\"https:\/\/jpkrajewski.com\/wp-content\/uploads\/2021\/10\/raja-rampat-1.jpg\" \/>\n\t<meta property=\"og:image:width\" content=\"800\" \/>\n\t<meta property=\"og:image:height\" content=\"800\" \/>\n\t<meta property=\"og:image:type\" content=\"image\/jpeg\" \/>\n<meta name=\"twitter:card\" content=\"summary_large_image\" \/>\n<meta name=\"twitter:label1\" content=\"Est. reading time\" \/>\n\t<meta name=\"twitter:data1\" content=\"1 minute\" \/>\n<script type=\"application\/ld+json\" class=\"yoast-schema-graph\">{\"@context\":\"https:\/\/schema.org\",\"@graph\":[{\"@type\":\"WebPage\",\"@id\":\"https:\/\/jpkrajewski.com\/en\/product\/raja-ampat\/\",\"url\":\"https:\/\/jpkrajewski.com\/en\/product\/raja-ampat\/\",\"name\":\"Raja Ampat - JO\u00c3O PAULO KRAJEWSKI\",\"isPartOf\":{\"@id\":\"https:\/\/jpkrajewski.com\/#website\"},\"primaryImageOfPage\":{\"@id\":\"https:\/\/jpkrajewski.com\/en\/product\/raja-ampat\/#primaryimage\"},\"image\":{\"@id\":\"https:\/\/jpkrajewski.com\/en\/product\/raja-ampat\/#primaryimage\"},\"thumbnailUrl\":\"https:\/\/jpkrajewski.com\/wp-content\/uploads\/2021\/10\/raja-rampat-1.jpg\",\"datePublished\":\"2024-03-12T16:20:27+00:00\",\"dateModified\":\"2024-03-20T21:48:02+00:00\",\"breadcrumb\":{\"@id\":\"https:\/\/jpkrajewski.com\/en\/product\/raja-ampat\/#breadcrumb\"},\"inLanguage\":\"en-US\",\"potentialAction\":[{\"@type\":\"ReadAction\",\"target\":[\"https:\/\/jpkrajewski.com\/en\/product\/raja-ampat\/\"]}]},{\"@type\":\"ImageObject\",\"inLanguage\":\"en-US\",\"@id\":\"https:\/\/jpkrajewski.com\/en\/product\/raja-ampat\/#primaryimage\",\"url\":\"https:\/\/jpkrajewski.com\/wp-content\/uploads\/2021\/10\/raja-rampat-1.jpg\",\"contentUrl\":\"https:\/\/jpkrajewski.com\/wp-content\/uploads\/2021\/10\/raja-rampat-1.jpg\",\"width\":800,\"height\":800},{\"@type\":\"BreadcrumbList\",\"@id\":\"https:\/\/jpkrajewski.com\/en\/product\/raja-ampat\/#breadcrumb\",\"itemListElement\":[{\"@type\":\"ListItem\",\"position\":1,\"name\":\"In\u00edcio\",\"item\":\"https:\/\/jpkrajewski.com\/en\/\"},{\"@type\":\"ListItem\",\"position\":2,\"name\":\"Produtos\",\"item\":\"https:\/\/jpkrajewski.com\/shop\/\"},{\"@type\":\"ListItem\",\"position\":3,\"name\":\"Raja Ampat\"}]},{\"@type\":\"WebSite\",\"@id\":\"https:\/\/jpkrajewski.com\/#website\",\"url\":\"https:\/\/jpkrajewski.com\/\",\"name\":\"JO\u00c3O PAULO KRAJEWSKI\",\"description\":\"Wildlife Photo &amp; Video\",\"potentialAction\":[{\"@type\":\"SearchAction\",\"target\":{\"@type\":\"EntryPoint\",\"urlTemplate\":\"https:\/\/jpkrajewski.com\/?s={search_term_string}\"},\"query-input\":{\"@type\":\"PropertyValueSpecification\",\"valueRequired\":true,\"valueName\":\"search_term_string\"}}],\"inLanguage\":\"en-US\"}]}<\/script>\n<!-- \/ Yoast SEO plugin. -->","yoast_head_json":{"title":"Raja Ampat - JO\u00c3O PAULO KRAJEWSKI","robots":{"index":"index","follow":"follow","max-snippet":"max-snippet:-1","max-image-preview":"max-image-preview:large","max-video-preview":"max-video-preview:-1"},"canonical":"https:\/\/jpkrajewski.com\/en\/product\/raja-ampat\/","og_locale":"en_US","og_type":"article","og_title":"Raja Ampat - JO\u00c3O PAULO KRAJEWSKI","og_description":"O\u00a0arquip\u00e9lago de Raja\u00a0Ampat, na\u00a0Indon\u00e9sia, apresenta uma das maiores diversidades marinhas do mundo. A regi\u00e3o, com mais de 600 ilhas cobertas por vegeta\u00e7\u00e3o exuberante,\u00a0\u00e9\u00a0banhada por\u00a0\u00e1guas cristalinas. Quando visitei o\u00a0arquip\u00e9lago, os\u00a0drones\u00a0ainda n\u00e3o eram t\u00e3o populares e dispon\u00edveis como hoje, mas tive a oportunidade de sobrevoar as ilhas a bordo de um pequeno avi\u00e3o ultraleve experimental, e\u00a0de\u00a0visualizar a beleza e cores\u00a0\u00fanicas da regi\u00e3o do ar.\u00a0Uma das experi\u00eancias mais inesquec\u00edveis que j\u00e1\u00a0tive!","og_url":"https:\/\/jpkrajewski.com\/en\/product\/raja-ampat\/","og_site_name":"JO\u00c3O PAULO KRAJEWSKI","article_modified_time":"2024-03-20T21:48:02+00:00","og_image":[{"width":800,"height":800,"url":"https:\/\/jpkrajewski.com\/wp-content\/uploads\/2021\/10\/raja-rampat-1.jpg","type":"image\/jpeg"}],"twitter_card":"summary_large_image","twitter_misc":{"Est. reading time":"1 minute"},"schema":{"@context":"https:\/\/schema.org","@graph":[{"@type":"WebPage","@id":"https:\/\/jpkrajewski.com\/en\/product\/raja-ampat\/","url":"https:\/\/jpkrajewski.com\/en\/product\/raja-ampat\/","name":"Raja Ampat - JO\u00c3O PAULO KRAJEWSKI","isPartOf":{"@id":"https:\/\/jpkrajewski.com\/#website"},"primaryImageOfPage":{"@id":"https:\/\/jpkrajewski.com\/en\/product\/raja-ampat\/#primaryimage"},"image":{"@id":"https:\/\/jpkrajewski.com\/en\/product\/raja-ampat\/#primaryimage"},"thumbnailUrl":"https:\/\/jpkrajewski.com\/wp-content\/uploads\/2021\/10\/raja-rampat-1.jpg","datePublished":"2024-03-12T16:20:27+00:00","dateModified":"2024-03-20T21:48:02+00:00","breadcrumb":{"@id":"https:\/\/jpkrajewski.com\/en\/product\/raja-ampat\/#breadcrumb"},"inLanguage":"en-US","potentialAction":[{"@type":"ReadAction","target":["https:\/\/jpkrajewski.com\/en\/product\/raja-ampat\/"]}]},{"@type":"ImageObject","inLanguage":"en-US","@id":"https:\/\/jpkrajewski.com\/en\/product\/raja-ampat\/#primaryimage","url":"https:\/\/jpkrajewski.com\/wp-content\/uploads\/2021\/10\/raja-rampat-1.jpg","contentUrl":"https:\/\/jpkrajewski.com\/wp-content\/uploads\/2021\/10\/raja-rampat-1.jpg","width":800,"height":800},{"@type":"BreadcrumbList","@id":"https:\/\/jpkrajewski.com\/en\/product\/raja-ampat\/#breadcrumb","itemListElement":[{"@type":"ListItem","position":1,"name":"In\u00edcio","item":"https:\/\/jpkrajewski.com\/en\/"},{"@type":"ListItem","position":2,"name":"Produtos","item":"https:\/\/jpkrajewski.com\/shop\/"},{"@type":"ListItem","position":3,"name":"Raja Ampat"}]},{"@type":"WebSite","@id":"https:\/\/jpkrajewski.com\/#website","url":"https:\/\/jpkrajewski.com\/","name":"JO\u00c3O PAULO KRAJEWSKI","description":"Wildlife Photo &amp; Video","potentialAction":[{"@type":"SearchAction","target":{"@type":"EntryPoint","urlTemplate":"https:\/\/jpkrajewski.com\/?s={search_term_string}"},"query-input":{"@type":"PropertyValueSpecification","valueRequired":true,"valueName":"search_term_string"}}],"inLanguage":"en-US"}]}},"_links":{"self":[{"href":"https:\/\/jpkrajewski.com\/en\/wp-json\/wp\/v2\/product\/3589","targetHints":{"allow":["GET"]}}],"collection":[{"href":"https:\/\/jpkrajewski.com\/en\/wp-json\/wp\/v2\/product"}],"about":[{"href":"https:\/\/jpkrajewski.com\/en\/wp-json\/wp\/v2\/types\/product"}],"wp:featuredmedia":[{"embeddable":true,"href":"https:\/\/jpkrajewski.com\/en\/wp-json\/wp\/v2\/media\/1474"}],"wp:attachment":[{"href":"https:\/\/jpkrajewski.com\/en\/wp-json\/wp\/v2\/media?parent=3589"}],"wp:term":[{"taxonomy":"product_brand","embeddable":true,"href":"https:\/\/jpkrajewski.com\/en\/wp-json\/wp\/v2\/product_brand?post=3589"},{"taxonomy":"product_cat","embeddable":true,"href":"https:\/\/jpkrajewski.com\/en\/wp-json\/wp\/v2\/product_cat?post=3589"},{"taxonomy":"product_tag","embeddable":true,"href":"https:\/\/jpkrajewski.com\/en\/wp-json\/wp\/v2\/product_tag?post=3589"}],"curies":[{"name":"wp","href":"https:\/\/api.w.org\/{rel}","templated":true}]}}