{"id":3145,"date":"2021-12-04T01:23:49","date_gmt":"2021-12-04T04:23:49","guid":{"rendered":"http:\/\/jpkrajewski.com.br\/terms-and-conditions\/"},"modified":"2021-12-04T01:23:51","modified_gmt":"2021-12-04T04:23:51","slug":"terms-and-conditions","status":"publish","type":"page","link":"https:\/\/jpkrajewski.com\/en\/terms-and-conditions\/","title":{"rendered":"Terms and Conditions"},"content":{"rendered":"[vc_row type=&#8221;full_width_content&#8221; full_screen_row_position=&#8221;middle&#8221; column_margin=&#8221;none&#8221; equal_height=&#8221;yes&#8221; content_placement=&#8221;bottom&#8221; column_direction=&#8221;default&#8221; column_direction_tablet=&#8221;default&#8221; column_direction_phone=&#8221;default&#8221; bg_color=&#8221;#f8f7f7&#8243; bg_image=&#8221;138&#8243; bg_position=&#8221;center center&#8221; background_image_loading=&#8221;default&#8221; bg_repeat=&#8221;no-repeat&#8221; scene_position=&#8221;center&#8221; bottom_padding=&#8221;100&#8243; text_color=&#8221;light&#8221; text_align=&#8221;center&#8221; row_border_radius=&#8221;none&#8221; row_border_radius_applies=&#8221;bg&#8221; color_overlay=&#8221;rgba(0,0,0,0.14)&#8221; overlay_strength=&#8221;0.3&#8243; gradient_direction=&#8221;left_to_right&#8221; shape_divider_position=&#8221;bottom&#8221; bg_image_animation=&#8221;none&#8221; parallax_bg=&#8221;true&#8221; parallax_bg_speed=&#8221;fast&#8221; shape_type=&#8221;&#8221;][vc_column column_padding=&#8221;no-extra-padding&#8221; column_padding_tablet=&#8221;inherit&#8221; column_padding_phone=&#8221;inherit&#8221; column_padding_position=&#8221;all&#8221; column_element_spacing=&#8221;default&#8221; background_color_opacity=&#8221;1&#8243; background_hover_color_opacity=&#8221;1&#8243; column_shadow=&#8221;none&#8221; column_border_radius=&#8221;none&#8221; column_link_target=&#8221;_self&#8221; gradient_direction=&#8221;left_to_right&#8221; overlay_strength=&#8221;0.3&#8243; width=&#8221;1\/1&#8243; tablet_width_inherit=&#8221;default&#8221; tablet_text_alignment=&#8221;default&#8221; phone_text_alignment=&#8221;default&#8221; bg_image_animation=&#8221;none&#8221; border_type=&#8221;simple&#8221; column_border_width=&#8221;none&#8221; column_border_style=&#8221;solid&#8221;][divider line_type=&#8221;No Line&#8221; custom_height=&#8221;380&#8243; custom_height_tablet=&#8221;280&#8243; custom_height_phone=&#8221;240&#8243;][vc_custom_heading source=&#8221;post_title&#8221; font_container=&#8221;tag:h1|text_align:center|color:%23ffffff&#8221; use_theme_fonts=&#8221;yes&#8221;][\/vc_column][\/vc_row][vc_row type=&#8221;in_container&#8221; full_screen_row_position=&#8221;middle&#8221; column_margin=&#8221;default&#8221; column_direction=&#8221;default&#8221; column_direction_tablet=&#8221;default&#8221; column_direction_phone=&#8221;default&#8221; scene_position=&#8221;center&#8221; top_padding=&#8221;80&#8243; bottom_padding=&#8221;80&#8243; bottom_padding_tablet=&#8221;100&#8243; bottom_padding_phone=&#8221;60&#8243; text_color=&#8221;dark&#8221; text_align=&#8221;left&#8221; row_border_radius=&#8221;none&#8221; row_border_radius_applies=&#8221;bg&#8221; id=&#8221;conteudo&#8221; overlay_strength=&#8221;0.3&#8243; gradient_direction=&#8221;left_to_right&#8221; shape_divider_position=&#8221;bottom&#8221; bg_image_animation=&#8221;none&#8221; shape_type=&#8221;&#8221;][vc_column column_padding=&#8221;no-extra-padding&#8221; column_padding_tablet=&#8221;inherit&#8221; column_padding_phone=&#8221;inherit&#8221; column_padding_position=&#8221;all&#8221; column_element_spacing=&#8221;default&#8221; background_color_opacity=&#8221;1&#8243; background_hover_color_opacity=&#8221;1&#8243; column_shadow=&#8221;none&#8221; column_border_radius=&#8221;none&#8221; column_link_target=&#8221;_self&#8221; gradient_direction=&#8221;left_to_right&#8221; overlay_strength=&#8221;0.3&#8243; width=&#8221;2\/3&#8243; tablet_width_inherit=&#8221;default&#8221; tablet_text_alignment=&#8221;default&#8221; phone_text_alignment=&#8221;default&#8221; bg_image_animation=&#8221;none&#8221; border_type=&#8221;simple&#8221; column_border_width=&#8221;none&#8221; column_border_style=&#8221;solid&#8221; offset=&#8221;vc_col-lg-offset-2 vc_col-md-offset-2&#8243;][vc_column_text]Terms and Conditions of Purchase and Sale of Jo\u00e3o Paulo Krajewski, by the company Natural History Brazil, headquartered at Rua Eugenio Passos, 101, Andar 01 Sala 02-A Centro, Itatiba, SP, CEP 13250-260, and with distribution center on Rua do Mel\u00e3o 96 Santa In\u00eas Itu-Sp 13312-460, Brazil, hereinafter simply referred to as Jo\u00e3o Paulo Krajewski, and, on the other hand, the customer, qualified at the time of purchase of Jo\u00e3o Paulo Krajewski&#8217;s products, hereinafter re-ferred to simply as Customer.<\/p>\n<p>Whereas Jo\u00e3o Paulo Krajewski sells products and services over the internet; Considering the Customer&#8217;s interest in purchasing the products offered by Jo\u00e3o Paulo Krajewski (&#8220;Products&#8221;) in its sales channels; The purpose of this contract is to establish the general conditions of use and purchase of products and services from the Jo\u00e3o Paulo Krajewski website.<\/p>\n<ol>\n<li>Confidentiality: it is the responsibility of the Mercado Pago and PayPal checkout sites to pre-serve the confidentiality of all data and information provided by the Customer in the purchase process. The website&#8217;s security is audited and guaranteed against hackers. <\/li>\n<li>II. Customer Service (SAC): The customer has this service to resolve their doubts, resolve any requests or complaints regarding their order or any content available on the website. The SAC can be activated by telephone or through a form on the website. <\/li>\n<\/ol>\n<p>III. Delivery policy: the deadline for delivery of the Products is informed during the purchase proce-dure, counted in working days. Product deliveries are made from Monday to Friday, from 8:00 am to 10:00 pm. Exceptionally, some Product deliveries may take place on Saturdays, Sundays and holidays.  <\/p>\n<p>III.I &#8211; The Customer is responsible for checking the adequacy of the product dimensions, that must ensure that they are in accordance with the spatial limits of the elevators, doors and corri-dors of the delivery location. The assembly or disassembly of the product, transport by stairs and\/or doors and windows, or lifting of deliveries will not be carried out. <\/p>\n<p>III.II &#8211; Up to three delivery attempts will be made at the informed location, on alternate days, with an interval of up to 48 hours between one delivery and another. It is essential that, at the re-quested address, there must be a person authorized by the buyer, over 18 years old, and carry-ing an identification document to receive the goods and sign the delivery protocol. If there are three unsuccessful delivery attempts, the order will be returned to the Jo\u00e3o Paulo Krajewski Dis-tribution Center.  <\/p>\n<p>III.III &#8211; After completing the order, it is not possible to change the method of payment and\/or de-livery address, request an advance or even priority of delivery.<\/p>\n<p>III.IV &#8211; The delivery period informed during the Product purchase procedure takes into account the stock, the region, the invoice issuance process and the product preparation time. At each update in the delivery status of the order, Jo\u00e3o Paulo Krajewski&#8217;s system automatically sends alert emails to the Customer. <\/p>\n<p>III.V &#8211; The delivery freight cost is calculated based on the delivery location, weight and dimen-sions of the Product.<\/p>\n<p>III.VI &#8211; Jo\u00e3o Paulo Krajewski does not authorize the carrier to: enter the domicile; deliver by alter-native means (example: lifting product by window); perform product installation or maintenance; open the product packaging; deliver to an address different from the one listed in DANFE; make delivery to minors or without identification document.<\/p>\n<p>III.VII &#8211; Jo\u00e3o Paulo Krajewski is not responsible for the retention of goods at SEFAZ when this is exclusively due to the customer&#8217;s pending issues, therefore, it is necessary for him to appear at the tax office for the goods to be released, considering that in these cases the information re-garding releases and payments is only passed on to interested parties.<\/p>\n<ol>\n<li>Right of repentance: the Customer will be entitled to exercise the right to repent of the purchase, for the purpose of returning the Product, in which case the following conditions must be ob-served: the period for withdrawing from the purchase of the product is up to 7 (seven) calendar days from the date of receipt; in case of return, the product must be returned to Jo\u00e3o Paulo Kra-jewski in the original packaging, accompanied by the DANFE (Auxiliary Document of the Electronic Invoice), the manual and all its accessories.<\/li>\n<\/ol>\n<p>IV.I &#8211; The Customer must request the return through the Customer Service (SAC) or directly in the Control Panel, under the topic &#8220;cancel order&#8221;. Expenses arising from the collection or postage of the Product will be borne by Jo\u00e3o Paulo Krajewski. <\/p>\n<p>IV.II &#8211; After the product arrives at the Distribution Center, Jo\u00e3o Paulo Krajewski will check if the above mentioned conditions have been met. If so, it will provide a refund of the total purchase amount. <\/p>\n<p>IV.III &#8211; For credit card payments, the credit card company will be notified and the refund will oc-cur on the next or subsequent invoice, at once, regardless of the number of installments used in the purchase. The reimbursement period and also the collection of the remaining installments af-ter the full reversal of the Product value on the Customer&#8217;s credit card carried out by Jo\u00e3o Paulo Krajewski, is the responsibility of the card company. In the event of collection of future install-ments by the card company, the Customer will not be encumbered, since Jo\u00e3o Paulo Krajewski, as mentioned above, reverses the full amount of the Product in a single time, with the credit for the refund granted in full by card company on the billing invoice subsequent to the month of can-cellation.  <\/p>\n<p>IV.IV &#8211; For purchases paid with a bank slip or debit account, the refund will be made by bank deposit, within 10 (ten) business days, only in the buyer&#8217;s checking account, which must be indi-vidual. It is necessary that the fiscal number (CPF in Brazil or equivalent for other countries) of the current account holder. [\/vc_column_text][\/vc_column][\/vc_row][vc_row type=&#8221;full_width_content&#8221; full_screen_row_position=&#8221;middle&#8221; column_margin=&#8221;default&#8221; column_direction=&#8221;default&#8221; column_direction_tablet=&#8221;default&#8221; column_direction_phone=&#8221;default&#8221; bg_color=&#8221;#f8f7f7&#8243; bg_image=&#8221;152&#8243; bg_position=&#8221;center center&#8221; background_image_loading=&#8221;default&#8221; bg_repeat=&#8221;no-repeat&#8221; scene_position=&#8221;center&#8221; text_color=&#8221;light&#8221; text_align=&#8221;left&#8221; row_border_radius=&#8221;none&#8221; row_border_radius_applies=&#8221;bg&#8221; overlay_strength=&#8221;0.3&#8243; gradient_direction=&#8221;left_to_right&#8221; shape_divider_position=&#8221;bottom&#8221; bg_image_animation=&#8221;none&#8221; parallax_bg=&#8221;true&#8221; parallax_bg_speed=&#8221;fixed&#8221; shape_type=&#8221;&#8221;][vc_column column_padding=&#8221;no-extra-padding&#8221; column_padding_tablet=&#8221;inherit&#8221; column_padding_phone=&#8221;inherit&#8221; column_padding_position=&#8221;all&#8221; column_element_spacing=&#8221;default&#8221; background_color_opacity=&#8221;1&#8243; background_hover_color_opacity=&#8221;1&#8243; column_shadow=&#8221;none&#8221; column_border_radius=&#8221;none&#8221; column_link_target=&#8221;_self&#8221; gradient_direction=&#8221;left_to_right&#8221; overlay_strength=&#8221;0.3&#8243; width=&#8221;1\/1&#8243; tablet_width_inherit=&#8221;default&#8221; tablet_text_alignment=&#8221;default&#8221; phone_text_alignment=&#8221;default&#8221; bg_image_animation=&#8221;none&#8221; border_type=&#8221;simple&#8221; column_border_width=&#8221;none&#8221; column_border_style=&#8221;solid&#8221;][divider line_type=&#8221;No Line&#8221; custom_height=&#8221;590&#8243; custom_height_phone=&#8221;380&#8243;][\/vc_column][\/vc_row]\n","protected":false},"excerpt":{"rendered":"<p>[vc_row type=&#8221;full_width_content&#8221; full_screen_row_position=&#8221;middle&#8221; column_margin=&#8221;none&#8221; equal_height=&#8221;yes&#8221; content_placement=&#8221;bottom&#8221; column_direction=&#8221;default&#8221; column_direction_tablet=&#8221;default&#8221; column_direction_phone=&#8221;default&#8221; bg_color=&#8221;#f8f7f7&#8243; bg_image=&#8221;138&#8243; bg_position=&#8221;center center&#8221; background_image_loading=&#8221;default&#8221; bg_repeat=&#8221;no-repeat&#8221; scene_position=&#8221;center&#8221; bottom_padding=&#8221;100&#8243; text_color=&#8221;light&#8221; text_align=&#8221;center&#8221; row_border_radius=&#8221;none&#8221; row_border_radius_applies=&#8221;bg&#8221; color_overlay=&#8221;rgba(0,0,0,0.14)&#8221; overlay_strength=&#8221;0.3&#8243; gradient_direction=&#8221;left_to_right&#8221; shape_divider_position=&#8221;bottom&#8221; bg_image_animation=&#8221;none&#8221; parallax_bg=&#8221;true&#8221; parallax_bg_speed=&#8221;fast&#8221; shape_type=&#8221;&#8221;][vc_column column_padding=&#8221;no-extra-padding&#8221;&#8230;<\/p>\n","protected":false},"author":1,"featured_media":0,"parent":0,"menu_order":0,"comment_status":"closed","ping_status":"closed","template":"","meta":{"_acf_changed":false,"inline_featured_image":false,"footnotes":""},"class_list":["post-3145","page","type-page","status-publish"],"acf":[],"yoast_head":"<!-- This site is optimized with the Yoast SEO plugin v27.4 - https:\/\/yoast.com\/product\/yoast-seo-wordpress\/ -->\n<title>Terms and Conditions - JO\u00c3O PAULO KRAJEWSKI<\/title>\n<meta name=\"robots\" content=\"index, follow, max-snippet:-1, max-image-preview:large, max-video-preview:-1\" \/>\n<link rel=\"canonical\" href=\"https:\/\/jpkrajewski.com\/en\/terms-and-conditions\/\" \/>\n<meta property=\"og:locale\" content=\"en_US\" \/>\n<meta property=\"og:type\" content=\"article\" \/>\n<meta property=\"og:title\" content=\"Terms and Conditions - JO\u00c3O PAULO KRAJEWSKI\" \/>\n<meta property=\"og:description\" content=\"[vc_row type=&#8221;full_width_content&#8221; full_screen_row_position=&#8221;middle&#8221; column_margin=&#8221;none&#8221; equal_height=&#8221;yes&#8221; content_placement=&#8221;bottom&#8221; column_direction=&#8221;default&#8221; column_direction_tablet=&#8221;default&#8221; column_direction_phone=&#8221;default&#8221; bg_color=&#8221;#f8f7f7&#8243; bg_image=&#8221;138&#8243; bg_position=&#8221;center center&#8221; background_image_loading=&#8221;default&#8221; bg_repeat=&#8221;no-repeat&#8221; scene_position=&#8221;center&#8221; bottom_padding=&#8221;100&#8243; text_color=&#8221;light&#8221; text_align=&#8221;center&#8221; row_border_radius=&#8221;none&#8221; row_border_radius_applies=&#8221;bg&#8221; color_overlay=&#8221;rgba(0,0,0,0.14)&#8221; overlay_strength=&#8221;0.3&#8243; gradient_direction=&#8221;left_to_right&#8221; shape_divider_position=&#8221;bottom&#8221; bg_image_animation=&#8221;none&#8221; parallax_bg=&#8221;true&#8221; parallax_bg_speed=&#8221;fast&#8221; shape_type=&#8221;&#8221;][vc_column column_padding=&#8221;no-extra-padding&#8221;...\" \/>\n<meta property=\"og:url\" content=\"https:\/\/jpkrajewski.com\/en\/terms-and-conditions\/\" \/>\n<meta property=\"og:site_name\" content=\"JO\u00c3O PAULO KRAJEWSKI\" \/>\n<meta property=\"article:modified_time\" content=\"2021-12-04T04:23:51+00:00\" \/>\n<meta name=\"twitter:card\" content=\"summary_large_image\" \/>\n<meta name=\"twitter:label1\" content=\"Est. reading time\" \/>\n\t<meta name=\"twitter:data1\" content=\"8 minutes\" \/>\n<script type=\"application\/ld+json\" class=\"yoast-schema-graph\">{\"@context\":\"https:\\\/\\\/schema.org\",\"@graph\":[{\"@type\":\"WebPage\",\"@id\":\"https:\\\/\\\/jpkrajewski.com\\\/en\\\/terms-and-conditions\\\/\",\"url\":\"https:\\\/\\\/jpkrajewski.com\\\/en\\\/terms-and-conditions\\\/\",\"name\":\"Terms and Conditions - JO\u00c3O PAULO KRAJEWSKI\",\"isPartOf\":{\"@id\":\"https:\\\/\\\/jpkrajewski.com\\\/#website\"},\"datePublished\":\"2021-12-04T04:23:49+00:00\",\"dateModified\":\"2021-12-04T04:23:51+00:00\",\"breadcrumb\":{\"@id\":\"https:\\\/\\\/jpkrajewski.com\\\/en\\\/terms-and-conditions\\\/#breadcrumb\"},\"inLanguage\":\"en-US\",\"potentialAction\":[{\"@type\":\"ReadAction\",\"target\":[\"https:\\\/\\\/jpkrajewski.com\\\/en\\\/terms-and-conditions\\\/\"]}]},{\"@type\":\"BreadcrumbList\",\"@id\":\"https:\\\/\\\/jpkrajewski.com\\\/en\\\/terms-and-conditions\\\/#breadcrumb\",\"itemListElement\":[{\"@type\":\"ListItem\",\"position\":1,\"name\":\"In\u00edcio\",\"item\":\"https:\\\/\\\/jpkrajewski.com\\\/en\\\/\"},{\"@type\":\"ListItem\",\"position\":2,\"name\":\"Terms and Conditions\"}]},{\"@type\":\"WebSite\",\"@id\":\"https:\\\/\\\/jpkrajewski.com\\\/#website\",\"url\":\"https:\\\/\\\/jpkrajewski.com\\\/\",\"name\":\"JO\u00c3O PAULO KRAJEWSKI\",\"description\":\"Wildlife Photo &amp; Video\",\"potentialAction\":[{\"@type\":\"SearchAction\",\"target\":{\"@type\":\"EntryPoint\",\"urlTemplate\":\"https:\\\/\\\/jpkrajewski.com\\\/?s={search_term_string}\"},\"query-input\":{\"@type\":\"PropertyValueSpecification\",\"valueRequired\":true,\"valueName\":\"search_term_string\"}}],\"inLanguage\":\"en-US\"}]}<\/script>\n<!-- \/ Yoast SEO plugin. -->","yoast_head_json":{"title":"Terms and Conditions - JO\u00c3O PAULO KRAJEWSKI","robots":{"index":"index","follow":"follow","max-snippet":"max-snippet:-1","max-image-preview":"max-image-preview:large","max-video-preview":"max-video-preview:-1"},"canonical":"https:\/\/jpkrajewski.com\/en\/terms-and-conditions\/","og_locale":"en_US","og_type":"article","og_title":"Terms and Conditions - JO\u00c3O PAULO KRAJEWSKI","og_description":"[vc_row type=&#8221;full_width_content&#8221; full_screen_row_position=&#8221;middle&#8221; column_margin=&#8221;none&#8221; equal_height=&#8221;yes&#8221; content_placement=&#8221;bottom&#8221; column_direction=&#8221;default&#8221; column_direction_tablet=&#8221;default&#8221; column_direction_phone=&#8221;default&#8221; bg_color=&#8221;#f8f7f7&#8243; bg_image=&#8221;138&#8243; bg_position=&#8221;center center&#8221; background_image_loading=&#8221;default&#8221; bg_repeat=&#8221;no-repeat&#8221; scene_position=&#8221;center&#8221; bottom_padding=&#8221;100&#8243; text_color=&#8221;light&#8221; text_align=&#8221;center&#8221; row_border_radius=&#8221;none&#8221; row_border_radius_applies=&#8221;bg&#8221; color_overlay=&#8221;rgba(0,0,0,0.14)&#8221; overlay_strength=&#8221;0.3&#8243; gradient_direction=&#8221;left_to_right&#8221; shape_divider_position=&#8221;bottom&#8221; bg_image_animation=&#8221;none&#8221; parallax_bg=&#8221;true&#8221; parallax_bg_speed=&#8221;fast&#8221; shape_type=&#8221;&#8221;][vc_column column_padding=&#8221;no-extra-padding&#8221;...","og_url":"https:\/\/jpkrajewski.com\/en\/terms-and-conditions\/","og_site_name":"JO\u00c3O PAULO KRAJEWSKI","article_modified_time":"2021-12-04T04:23:51+00:00","twitter_card":"summary_large_image","twitter_misc":{"Est. reading time":"8 minutes"},"schema":{"@context":"https:\/\/schema.org","@graph":[{"@type":"WebPage","@id":"https:\/\/jpkrajewski.com\/en\/terms-and-conditions\/","url":"https:\/\/jpkrajewski.com\/en\/terms-and-conditions\/","name":"Terms and Conditions - JO\u00c3O PAULO KRAJEWSKI","isPartOf":{"@id":"https:\/\/jpkrajewski.com\/#website"},"datePublished":"2021-12-04T04:23:49+00:00","dateModified":"2021-12-04T04:23:51+00:00","breadcrumb":{"@id":"https:\/\/jpkrajewski.com\/en\/terms-and-conditions\/#breadcrumb"},"inLanguage":"en-US","potentialAction":[{"@type":"ReadAction","target":["https:\/\/jpkrajewski.com\/en\/terms-and-conditions\/"]}]},{"@type":"BreadcrumbList","@id":"https:\/\/jpkrajewski.com\/en\/terms-and-conditions\/#breadcrumb","itemListElement":[{"@type":"ListItem","position":1,"name":"In\u00edcio","item":"https:\/\/jpkrajewski.com\/en\/"},{"@type":"ListItem","position":2,"name":"Terms and Conditions"}]},{"@type":"WebSite","@id":"https:\/\/jpkrajewski.com\/#website","url":"https:\/\/jpkrajewski.com\/","name":"JO\u00c3O PAULO KRAJEWSKI","description":"Wildlife Photo &amp; Video","potentialAction":[{"@type":"SearchAction","target":{"@type":"EntryPoint","urlTemplate":"https:\/\/jpkrajewski.com\/?s={search_term_string}"},"query-input":{"@type":"PropertyValueSpecification","valueRequired":true,"valueName":"search_term_string"}}],"inLanguage":"en-US"}]}},"_links":{"self":[{"href":"https:\/\/jpkrajewski.com\/en\/wp-json\/wp\/v2\/pages\/3145","targetHints":{"allow":["GET"]}}],"collection":[{"href":"https:\/\/jpkrajewski.com\/en\/wp-json\/wp\/v2\/pages"}],"about":[{"href":"https:\/\/jpkrajewski.com\/en\/wp-json\/wp\/v2\/types\/page"}],"author":[{"embeddable":true,"href":"https:\/\/jpkrajewski.com\/en\/wp-json\/wp\/v2\/users\/1"}],"replies":[{"embeddable":true,"href":"https:\/\/jpkrajewski.com\/en\/wp-json\/wp\/v2\/comments?post=3145"}],"version-history":[{"count":3,"href":"https:\/\/jpkrajewski.com\/en\/wp-json\/wp\/v2\/pages\/3145\/revisions"}],"predecessor-version":[{"id":3148,"href":"https:\/\/jpkrajewski.com\/en\/wp-json\/wp\/v2\/pages\/3145\/revisions\/3148"}],"wp:attachment":[{"href":"https:\/\/jpkrajewski.com\/en\/wp-json\/wp\/v2\/media?parent=3145"}],"curies":[{"name":"wp","href":"https:\/\/api.w.org\/{rel}","templated":true}]}}