{"id":1267,"date":"2021-10-11T18:35:56","date_gmt":"2021-10-11T21:35:56","guid":{"rendered":"http:\/\/jpkrajewski.com.br\/about\/joao-paulo-krajewski\/"},"modified":"2026-03-10T15:24:09","modified_gmt":"2026-03-10T18:24:09","slug":"joao-paulo-krajewski","status":"publish","type":"page","link":"https:\/\/jpkrajewski.com\/en\/about\/joao-paulo-krajewski\/","title":{"rendered":"Jo\u00e3o Paulo Krajewski"},"content":{"rendered":"[vc_row type=&#8221;full_width_content&#8221; full_screen_row_position=&#8221;middle&#8221; column_margin=&#8221;none&#8221; equal_height=&#8221;yes&#8221; content_placement=&#8221;bottom&#8221; column_direction=&#8221;default&#8221; column_direction_tablet=&#8221;default&#8221; column_direction_phone=&#8221;default&#8221; bg_color=&#8221;#f8f7f7&#8243; bg_image=&#8221;2101&#8243; bg_image_type=&#8221;default&#8221; bg_position=&#8221;center center&#8221; background_image_loading=&#8221;default&#8221; bg_repeat=&#8221;no-repeat&#8221; scene_position=&#8221;center&#8221; bottom_padding=&#8221;100&#8243; text_color=&#8221;light&#8221; text_align=&#8221;center&#8221; row_border_radius=&#8221;none&#8221; row_border_radius_applies=&#8221;bg&#8221; row_position_desktop=&#8221;default&#8221; row_position_tablet=&#8221;inherit&#8221; row_position_phone=&#8221;inherit&#8221; overflow=&#8221;visible&#8221; color_overlay=&#8221;rgba(0,0,0,0.14)&#8221; overlay_strength=&#8221;0.3&#8243; gradient_direction=&#8221;left_to_right&#8221; shape_divider_position=&#8221;bottom&#8221; bg_image_animation=&#8221;none&#8221; parallax_bg=&#8221;true&#8221; parallax_bg_speed=&#8221;fast&#8221; shape_type=&#8221;&#8221;][vc_column column_padding=&#8221;no-extra-padding&#8221; column_padding_tablet=&#8221;inherit&#8221; column_padding_phone=&#8221;inherit&#8221; column_padding_position=&#8221;all&#8221; flex_gap_desktop=&#8221;10px&#8221; column_element_direction_desktop=&#8221;default&#8221; column_element_spacing=&#8221;default&#8221; desktop_text_alignment=&#8221;default&#8221; tablet_text_alignment=&#8221;default&#8221; phone_text_alignment=&#8221;default&#8221; background_color_opacity=&#8221;1&#8243; background_hover_color_opacity=&#8221;1&#8243; column_backdrop_filter=&#8221;none&#8221; column_shadow=&#8221;none&#8221; column_border_radius=&#8221;none&#8221; column_link_target=&#8221;_self&#8221; column_position=&#8221;default&#8221; gradient_direction=&#8221;left_to_right&#8221; overlay_strength=&#8221;0.3&#8243; width=&#8221;1\/1&#8243; tablet_width_inherit=&#8221;default&#8221; animation_type=&#8221;default&#8221; bg_image_animation=&#8221;none&#8221; border_type=&#8221;simple&#8221; column_border_width=&#8221;none&#8221; column_border_style=&#8221;solid&#8221;][divider line_type=&#8221;No Line&#8221; custom_height=&#8221;380&#8243; custom_height_tablet=&#8221;280&#8243; custom_height_phone=&#8221;240&#8243;][vc_custom_heading source=&#8221;post_title&#8221; font_container=&#8221;tag:h1|text_align:center|color:%23ffffff&#8221; use_theme_fonts=&#8221;yes&#8221;][\/vc_column][\/vc_row][vc_row type=&#8221;in_container&#8221; full_screen_row_position=&#8221;middle&#8221; column_margin=&#8221;default&#8221; column_direction=&#8221;default&#8221; column_direction_tablet=&#8221;default&#8221; column_direction_phone=&#8221;default&#8221; scene_position=&#8221;center&#8221; top_padding=&#8221;80&#8243; bottom_padding=&#8221;80&#8243; bottom_padding_tablet=&#8221;100&#8243; bottom_padding_phone=&#8221;60&#8243; text_color=&#8221;dark&#8221; text_align=&#8221;left&#8221; row_border_radius=&#8221;none&#8221; row_border_radius_applies=&#8221;bg&#8221; row_position_desktop=&#8221;default&#8221; row_position_tablet=&#8221;inherit&#8221; row_position_phone=&#8221;inherit&#8221; overflow=&#8221;visible&#8221; id=&#8221;conteudo&#8221; overlay_strength=&#8221;0.3&#8243; gradient_direction=&#8221;left_to_right&#8221; shape_divider_position=&#8221;bottom&#8221; bg_image_animation=&#8221;none&#8221; shape_type=&#8221;&#8221;][vc_column column_padding=&#8221;no-extra-padding&#8221; column_padding_tablet=&#8221;inherit&#8221; column_padding_phone=&#8221;inherit&#8221; column_padding_position=&#8221;all&#8221; flex_gap_desktop=&#8221;10px&#8221; column_element_direction_desktop=&#8221;default&#8221; column_element_spacing=&#8221;default&#8221; desktop_text_alignment=&#8221;default&#8221; tablet_text_alignment=&#8221;default&#8221; phone_text_alignment=&#8221;default&#8221; background_color_opacity=&#8221;1&#8243; background_hover_color_opacity=&#8221;1&#8243; column_backdrop_filter=&#8221;none&#8221; column_shadow=&#8221;none&#8221; column_border_radius=&#8221;none&#8221; column_link_target=&#8221;_self&#8221; column_position=&#8221;default&#8221; gradient_direction=&#8221;left_to_right&#8221; overlay_strength=&#8221;0.3&#8243; width=&#8221;2\/3&#8243; tablet_width_inherit=&#8221;default&#8221; animation_type=&#8221;default&#8221; bg_image_animation=&#8221;none&#8221; border_type=&#8221;simple&#8221; column_border_width=&#8221;none&#8221; column_border_style=&#8221;solid&#8221; offset=&#8221;vc_col-lg-offset-2 vc_col-md-offset-2&#8243;][vc_column_text css=&#8221;&#8221; text_direction=&#8221;default&#8221;]Jo\u00e3o Paulo Krajewski is a Brazil-based biologist passionate about stories of the natural world, and recipient of the Emmy Award 2025, in the category &#8220;best cinematography\u201d, for his work at the series &#8220;The Secret World of Sound with David Attenborough\u201d. Jo\u00e3o has extensive experience on film production and filming n a wide range of conditions, in over 60 countries. Jo\u00e3o Paulo has produced, directed and presented cinco natural history series: Floresta das \u00c1guas, Florestas Animais, Vida no Azul and Hist\u00f3rias Animais, a documentary Noronha\u2019s spinners, all in exhibition at channels and streaming platforms of the Discovery group (Animal Planet, Discover, HBO Max) in Latin America. Jo\u00e3o also directed and produced the series \u201cSecret Amazon\u201d, which will be released worldwide in 2026.<\/p>\n<p>With wide experience in film productions, Jo\u00e3o Paulo has worked as a director of photography or cameraman on major international productions for the BBC (The Americas, The Green Planet, Dogs in the Wild, Primates, Great Rivers of the Earth), Humble Bee Films (Wild Side of the Moon, Airborne, Life in Colour with David Attenborough), Plimsoll Produ\u00e7\u00f5es (Secret Beauty of Animals, Super|Natural), Silverback Filmes (Parenthood), Offspring Films (Earthsounds), among others.<\/p>\n<p>Jo\u00e3o also is the director of the company Natural History Brazil (nhbrazil.com), and worked as a presented and producer of nature and wildlife videos for two TV shows in the Brazilian TV: Doming\u00e3o Aventura (2008-2020; 70 stories), at Globo TV, and Desbravadores do Planet (2022-2023; 20 stories).[\/vc_column_text][\/vc_column][\/vc_row][vc_row type=&#8221;full_width_content&#8221; full_screen_row_position=&#8221;middle&#8221; column_margin=&#8221;default&#8221; column_direction=&#8221;default&#8221; column_direction_tablet=&#8221;default&#8221; column_direction_phone=&#8221;default&#8221; scene_position=&#8221;center&#8221; bottom_padding=&#8221;50&#8243; text_color=&#8221;dark&#8221; text_align=&#8221;left&#8221; row_border_radius=&#8221;none&#8221; row_border_radius_applies=&#8221;bg&#8221; row_position_desktop=&#8221;default&#8221; row_position_tablet=&#8221;inherit&#8221; row_position_phone=&#8221;inherit&#8221; overflow=&#8221;visible&#8221; overlay_strength=&#8221;0.3&#8243; gradient_direction=&#8221;left_to_right&#8221; shape_divider_position=&#8221;bottom&#8221; bg_image_animation=&#8221;none&#8221; shape_type=&#8221;&#8221; gradient_type=&#8221;default&#8221;][vc_column column_padding=&#8221;no-extra-padding&#8221; column_padding_tablet=&#8221;inherit&#8221; column_padding_phone=&#8221;inherit&#8221; column_padding_position=&#8221;all&#8221; flex_gap_desktop=&#8221;10px&#8221; column_element_direction_desktop=&#8221;default&#8221; column_element_spacing=&#8221;default&#8221; desktop_text_alignment=&#8221;default&#8221; tablet_text_alignment=&#8221;default&#8221; phone_text_alignment=&#8221;default&#8221; background_color_opacity=&#8221;1&#8243; background_hover_color_opacity=&#8221;1&#8243; column_backdrop_filter=&#8221;none&#8221; column_shadow=&#8221;none&#8221; column_border_radius=&#8221;none&#8221; column_link_target=&#8221;_self&#8221; column_position=&#8221;default&#8221; gradient_direction=&#8221;left_to_right&#8221; overlay_strength=&#8221;0.3&#8243; width=&#8221;1\/1&#8243; tablet_width_inherit=&#8221;default&#8221; animation_type=&#8221;default&#8221; bg_image_animation=&#8221;none&#8221; border_type=&#8221;simple&#8221; column_border_width=&#8221;none&#8221; column_border_style=&#8221;solid&#8221;][vc_gallery type=&#8221;flickity_static_height_style&#8221; images=&#8221;2107,2109,2111,2113,2115,2117,2119,2570,2572,2574,2576,2578,2580,2582,2584,2586,2588,2590,2592,2594,2596&#8243; flickity_spacing=&#8221;20px&#8221; flickity_controls=&#8221;material_pagination&#8221; flickity_overflow=&#8221;visible&#8221; flickity_wrap_around=&#8221;wrap&#8221; flickity_image_scale_on_drag=&#8221;true&#8221; flickity_autoplay=&#8221;true&#8221; flickity_autorotate_type=&#8221;default&#8221; flickity_box_shadow=&#8221;none&#8221; image_loading=&#8221;lazy-load&#8221; onclick=&#8221;link_image&#8221; flickity_img_height=&#8221;400&#8243; flickity_img_small_desktop_height=&#8221;350&#8243; flickity_img_tablet_height=&#8221;300&#8243; flickity_img_mobile_height=&#8221;250&#8243; flickity_autoplay_dur=&#8221;6000&#8243;][divider line_type=&#8221;No Line&#8221; custom_height=&#8221;60&#8243;][vc_column_text]\n<h6 style=\"text-align: center;\">Click on images to enlarge<\/h6>\n[\/vc_column_text][\/vc_column][\/vc_row][vc_row type=&#8221;full_width_content&#8221; full_screen_row_position=&#8221;middle&#8221; column_margin=&#8221;default&#8221; column_direction=&#8221;default&#8221; column_direction_tablet=&#8221;default&#8221; column_direction_phone=&#8221;default&#8221; bg_color=&#8221;#f8f7f7&#8243; bg_image=&#8221;2598&#8243; bg_image_type=&#8221;default&#8221; bg_position=&#8221;center center&#8221; background_image_loading=&#8221;default&#8221; bg_repeat=&#8221;no-repeat&#8221; scene_position=&#8221;center&#8221; text_color=&#8221;light&#8221; text_align=&#8221;left&#8221; row_border_radius=&#8221;none&#8221; row_border_radius_applies=&#8221;bg&#8221; row_position_desktop=&#8221;default&#8221; row_position_tablet=&#8221;inherit&#8221; row_position_phone=&#8221;inherit&#8221; overflow=&#8221;visible&#8221; overlay_strength=&#8221;0.3&#8243; gradient_direction=&#8221;left_to_right&#8221; shape_divider_position=&#8221;bottom&#8221; bg_image_animation=&#8221;none&#8221; parallax_bg=&#8221;true&#8221; parallax_bg_speed=&#8221;fixed&#8221; shape_type=&#8221;&#8221;][vc_column column_padding=&#8221;no-extra-padding&#8221; column_padding_tablet=&#8221;inherit&#8221; column_padding_phone=&#8221;inherit&#8221; column_padding_position=&#8221;all&#8221; flex_gap_desktop=&#8221;10px&#8221; column_element_direction_desktop=&#8221;default&#8221; column_element_spacing=&#8221;default&#8221; desktop_text_alignment=&#8221;default&#8221; tablet_text_alignment=&#8221;default&#8221; phone_text_alignment=&#8221;default&#8221; background_color_opacity=&#8221;1&#8243; background_hover_color_opacity=&#8221;1&#8243; column_backdrop_filter=&#8221;none&#8221; column_shadow=&#8221;none&#8221; column_border_radius=&#8221;none&#8221; column_link_target=&#8221;_self&#8221; column_position=&#8221;default&#8221; gradient_direction=&#8221;left_to_right&#8221; overlay_strength=&#8221;0.3&#8243; width=&#8221;1\/1&#8243; tablet_width_inherit=&#8221;default&#8221; animation_type=&#8221;default&#8221; bg_image_animation=&#8221;none&#8221; border_type=&#8221;simple&#8221; column_border_width=&#8221;none&#8221; column_border_style=&#8221;solid&#8221;][divider line_type=&#8221;No Line&#8221; custom_height=&#8221;590&#8243; custom_height_phone=&#8221;380&#8243;][\/vc_column][\/vc_row]\n","protected":false},"excerpt":{"rendered":"<p>[vc_row type=&#8221;full_width_content&#8221; full_screen_row_position=&#8221;middle&#8221; column_margin=&#8221;none&#8221; equal_height=&#8221;yes&#8221; content_placement=&#8221;bottom&#8221; column_direction=&#8221;default&#8221; column_direction_tablet=&#8221;default&#8221; column_direction_phone=&#8221;default&#8221; bg_color=&#8221;#f8f7f7&#8243; bg_image=&#8221;2101&#8243; bg_image_type=&#8221;default&#8221; bg_position=&#8221;center center&#8221; background_image_loading=&#8221;default&#8221; bg_repeat=&#8221;no-repeat&#8221; scene_position=&#8221;center&#8221; bottom_padding=&#8221;100&#8243; text_color=&#8221;light&#8221; text_align=&#8221;center&#8221; row_border_radius=&#8221;none&#8221; row_border_radius_applies=&#8221;bg&#8221; row_position_desktop=&#8221;default&#8221; row_position_tablet=&#8221;inherit&#8221; row_position_phone=&#8221;inherit&#8221; overflow=&#8221;visible&#8221; color_overlay=&#8221;rgba(0,0,0,0.14)&#8221; overlay_strength=&#8221;0.3&#8243; gradient_direction=&#8221;left_to_right&#8221; shape_divider_position=&#8221;bottom&#8221;&#8230;<\/p>\n","protected":false},"author":1,"featured_media":0,"parent":470,"menu_order":36,"comment_status":"closed","ping_status":"closed","template":"","meta":{"_acf_changed":false,"inline_featured_image":false,"footnotes":""},"class_list":["post-1267","page","type-page","status-publish"],"acf":[],"yoast_head":"<!-- This site is optimized with the Yoast SEO plugin v27.4 - https:\/\/yoast.com\/product\/yoast-seo-wordpress\/ -->\n<title>Jo\u00e3o Paulo Krajewski - JO\u00c3O PAULO KRAJEWSKI<\/title>\n<meta name=\"robots\" content=\"index, follow, max-snippet:-1, max-image-preview:large, max-video-preview:-1\" \/>\n<link rel=\"canonical\" href=\"https:\/\/jpkrajewski.com\/en\/about\/joao-paulo-krajewski\/\" \/>\n<meta property=\"og:locale\" content=\"en_US\" \/>\n<meta property=\"og:type\" content=\"article\" \/>\n<meta property=\"og:title\" content=\"Jo\u00e3o Paulo Krajewski - JO\u00c3O PAULO KRAJEWSKI\" \/>\n<meta property=\"og:description\" content=\"[vc_row type=&#8221;full_width_content&#8221; full_screen_row_position=&#8221;middle&#8221; column_margin=&#8221;none&#8221; equal_height=&#8221;yes&#8221; content_placement=&#8221;bottom&#8221; column_direction=&#8221;default&#8221; column_direction_tablet=&#8221;default&#8221; column_direction_phone=&#8221;default&#8221; bg_color=&#8221;#f8f7f7&#8243; bg_image=&#8221;2101&#8243; bg_image_type=&#8221;default&#8221; bg_position=&#8221;center center&#8221; background_image_loading=&#8221;default&#8221; bg_repeat=&#8221;no-repeat&#8221; scene_position=&#8221;center&#8221; bottom_padding=&#8221;100&#8243; text_color=&#8221;light&#8221; text_align=&#8221;center&#8221; row_border_radius=&#8221;none&#8221; row_border_radius_applies=&#8221;bg&#8221; row_position_desktop=&#8221;default&#8221; row_position_tablet=&#8221;inherit&#8221; row_position_phone=&#8221;inherit&#8221; overflow=&#8221;visible&#8221; color_overlay=&#8221;rgba(0,0,0,0.14)&#8221; overlay_strength=&#8221;0.3&#8243; gradient_direction=&#8221;left_to_right&#8221; shape_divider_position=&#8221;bottom&#8221;...\" \/>\n<meta property=\"og:url\" content=\"https:\/\/jpkrajewski.com\/en\/about\/joao-paulo-krajewski\/\" \/>\n<meta property=\"og:site_name\" content=\"JO\u00c3O PAULO KRAJEWSKI\" \/>\n<meta property=\"article:modified_time\" content=\"2026-03-10T18:24:09+00:00\" \/>\n<meta name=\"twitter:card\" content=\"summary_large_image\" \/>\n<meta name=\"twitter:label1\" content=\"Est. reading time\" \/>\n\t<meta name=\"twitter:data1\" content=\"6 minutes\" \/>\n<script type=\"application\/ld+json\" class=\"yoast-schema-graph\">{\"@context\":\"https:\\\/\\\/schema.org\",\"@graph\":[{\"@type\":\"WebPage\",\"@id\":\"https:\\\/\\\/jpkrajewski.com\\\/en\\\/about\\\/joao-paulo-krajewski\\\/\",\"url\":\"https:\\\/\\\/jpkrajewski.com\\\/en\\\/about\\\/joao-paulo-krajewski\\\/\",\"name\":\"Jo\u00e3o Paulo Krajewski - JO\u00c3O PAULO KRAJEWSKI\",\"isPartOf\":{\"@id\":\"https:\\\/\\\/jpkrajewski.com\\\/#website\"},\"datePublished\":\"2021-10-11T21:35:56+00:00\",\"dateModified\":\"2026-03-10T18:24:09+00:00\",\"breadcrumb\":{\"@id\":\"https:\\\/\\\/jpkrajewski.com\\\/en\\\/about\\\/joao-paulo-krajewski\\\/#breadcrumb\"},\"inLanguage\":\"en-US\",\"potentialAction\":[{\"@type\":\"ReadAction\",\"target\":[\"https:\\\/\\\/jpkrajewski.com\\\/en\\\/about\\\/joao-paulo-krajewski\\\/\"]}]},{\"@type\":\"BreadcrumbList\",\"@id\":\"https:\\\/\\\/jpkrajewski.com\\\/en\\\/about\\\/joao-paulo-krajewski\\\/#breadcrumb\",\"itemListElement\":[{\"@type\":\"ListItem\",\"position\":1,\"name\":\"In\u00edcio\",\"item\":\"https:\\\/\\\/jpkrajewski.com\\\/en\\\/\"},{\"@type\":\"ListItem\",\"position\":2,\"name\":\"About\",\"item\":\"https:\\\/\\\/jpkrajewski.com\\\/en\\\/about\\\/\"},{\"@type\":\"ListItem\",\"position\":3,\"name\":\"Jo\u00e3o Paulo Krajewski\"}]},{\"@type\":\"WebSite\",\"@id\":\"https:\\\/\\\/jpkrajewski.com\\\/#website\",\"url\":\"https:\\\/\\\/jpkrajewski.com\\\/\",\"name\":\"JO\u00c3O PAULO KRAJEWSKI\",\"description\":\"Wildlife Photo &amp; Video\",\"potentialAction\":[{\"@type\":\"SearchAction\",\"target\":{\"@type\":\"EntryPoint\",\"urlTemplate\":\"https:\\\/\\\/jpkrajewski.com\\\/?s={search_term_string}\"},\"query-input\":{\"@type\":\"PropertyValueSpecification\",\"valueRequired\":true,\"valueName\":\"search_term_string\"}}],\"inLanguage\":\"en-US\"}]}<\/script>\n<!-- \/ Yoast SEO plugin. -->","yoast_head_json":{"title":"Jo\u00e3o Paulo Krajewski - JO\u00c3O PAULO KRAJEWSKI","robots":{"index":"index","follow":"follow","max-snippet":"max-snippet:-1","max-image-preview":"max-image-preview:large","max-video-preview":"max-video-preview:-1"},"canonical":"https:\/\/jpkrajewski.com\/en\/about\/joao-paulo-krajewski\/","og_locale":"en_US","og_type":"article","og_title":"Jo\u00e3o Paulo Krajewski - JO\u00c3O PAULO KRAJEWSKI","og_description":"[vc_row type=&#8221;full_width_content&#8221; full_screen_row_position=&#8221;middle&#8221; column_margin=&#8221;none&#8221; equal_height=&#8221;yes&#8221; content_placement=&#8221;bottom&#8221; column_direction=&#8221;default&#8221; column_direction_tablet=&#8221;default&#8221; column_direction_phone=&#8221;default&#8221; bg_color=&#8221;#f8f7f7&#8243; bg_image=&#8221;2101&#8243; bg_image_type=&#8221;default&#8221; bg_position=&#8221;center center&#8221; background_image_loading=&#8221;default&#8221; bg_repeat=&#8221;no-repeat&#8221; scene_position=&#8221;center&#8221; bottom_padding=&#8221;100&#8243; text_color=&#8221;light&#8221; text_align=&#8221;center&#8221; row_border_radius=&#8221;none&#8221; row_border_radius_applies=&#8221;bg&#8221; row_position_desktop=&#8221;default&#8221; row_position_tablet=&#8221;inherit&#8221; row_position_phone=&#8221;inherit&#8221; overflow=&#8221;visible&#8221; color_overlay=&#8221;rgba(0,0,0,0.14)&#8221; overlay_strength=&#8221;0.3&#8243; gradient_direction=&#8221;left_to_right&#8221; shape_divider_position=&#8221;bottom&#8221;...","og_url":"https:\/\/jpkrajewski.com\/en\/about\/joao-paulo-krajewski\/","og_site_name":"JO\u00c3O PAULO KRAJEWSKI","article_modified_time":"2026-03-10T18:24:09+00:00","twitter_card":"summary_large_image","twitter_misc":{"Est. reading time":"6 minutes"},"schema":{"@context":"https:\/\/schema.org","@graph":[{"@type":"WebPage","@id":"https:\/\/jpkrajewski.com\/en\/about\/joao-paulo-krajewski\/","url":"https:\/\/jpkrajewski.com\/en\/about\/joao-paulo-krajewski\/","name":"Jo\u00e3o Paulo Krajewski - JO\u00c3O PAULO KRAJEWSKI","isPartOf":{"@id":"https:\/\/jpkrajewski.com\/#website"},"datePublished":"2021-10-11T21:35:56+00:00","dateModified":"2026-03-10T18:24:09+00:00","breadcrumb":{"@id":"https:\/\/jpkrajewski.com\/en\/about\/joao-paulo-krajewski\/#breadcrumb"},"inLanguage":"en-US","potentialAction":[{"@type":"ReadAction","target":["https:\/\/jpkrajewski.com\/en\/about\/joao-paulo-krajewski\/"]}]},{"@type":"BreadcrumbList","@id":"https:\/\/jpkrajewski.com\/en\/about\/joao-paulo-krajewski\/#breadcrumb","itemListElement":[{"@type":"ListItem","position":1,"name":"In\u00edcio","item":"https:\/\/jpkrajewski.com\/en\/"},{"@type":"ListItem","position":2,"name":"About","item":"https:\/\/jpkrajewski.com\/en\/about\/"},{"@type":"ListItem","position":3,"name":"Jo\u00e3o Paulo Krajewski"}]},{"@type":"WebSite","@id":"https:\/\/jpkrajewski.com\/#website","url":"https:\/\/jpkrajewski.com\/","name":"JO\u00c3O PAULO KRAJEWSKI","description":"Wildlife Photo &amp; Video","potentialAction":[{"@type":"SearchAction","target":{"@type":"EntryPoint","urlTemplate":"https:\/\/jpkrajewski.com\/?s={search_term_string}"},"query-input":{"@type":"PropertyValueSpecification","valueRequired":true,"valueName":"search_term_string"}}],"inLanguage":"en-US"}]}},"_links":{"self":[{"href":"https:\/\/jpkrajewski.com\/en\/wp-json\/wp\/v2\/pages\/1267","targetHints":{"allow":["GET"]}}],"collection":[{"href":"https:\/\/jpkrajewski.com\/en\/wp-json\/wp\/v2\/pages"}],"about":[{"href":"https:\/\/jpkrajewski.com\/en\/wp-json\/wp\/v2\/types\/page"}],"author":[{"embeddable":true,"href":"https:\/\/jpkrajewski.com\/en\/wp-json\/wp\/v2\/users\/1"}],"replies":[{"embeddable":true,"href":"https:\/\/jpkrajewski.com\/en\/wp-json\/wp\/v2\/comments?post=1267"}],"version-history":[{"count":10,"href":"https:\/\/jpkrajewski.com\/en\/wp-json\/wp\/v2\/pages\/1267\/revisions"}],"predecessor-version":[{"id":3907,"href":"https:\/\/jpkrajewski.com\/en\/wp-json\/wp\/v2\/pages\/1267\/revisions\/3907"}],"up":[{"embeddable":true,"href":"https:\/\/jpkrajewski.com\/en\/wp-json\/wp\/v2\/pages\/470"}],"wp:attachment":[{"href":"https:\/\/jpkrajewski.com\/en\/wp-json\/wp\/v2\/media?parent=1267"}],"curies":[{"name":"wp","href":"https:\/\/api.w.org\/{rel}","templated":true}]}}